{"id":1122,"date":"2024-08-07T16:27:25","date_gmt":"2024-08-07T16:27:25","guid":{"rendered":"http:\/\/agropy.me\/tienda002\/?post_type=product&#038;p=1122"},"modified":"2024-08-07T16:33:10","modified_gmt":"2024-08-07T16:33:10","slug":"liquamox-c-is","status":"publish","type":"product","link":"https:\/\/agropy.me\/tienda002\/producto\/liquamox-c-is\/","title":{"rendered":"Liquamox\u00ae C IS"},"content":{"rendered":"<p>Formulaci\u00f3n: Amoxicilina (como Trihidrato) 14 g, \u00c1cido Clavul\u00e1nico (como Clavulanato de Potasio) 3.5 g<\/p>\n<p>Indicaciones: Tratamiento y prevenci\u00f3n de infecciones causadas por cepas sensibles a la asociaci\u00f3n amoxicilina + \u00e1cido clavul\u00e1nico (inclu\u00eddas las productoras de betalactamasas); entre ellas: infecciones respiratorias, infecciones urinarias, infecciones gastrointestinales, infecciones periodontales y gingivitis, infecciones de la piel y de tejidos blandos (p.e. abscesos, pioderma, celulitis, saculitis anal y endocarditis)<\/p>\n<p>Dosis y Administraci\u00f3n: <span style=\"font-size: 16px;\">V\u00eda Subcutanea: 1 mL\/20 kg p.v cada 24 horas.<\/span><\/p>\n","protected":false},"excerpt":{"rendered":"<p>Combinaci\u00f3n Antibi\u00f3tica Sin\u00e9rgica con Inhibidor de resistencia Bacteriana de Amplio Espectro<\/p>\n","protected":false},"featured_media":1128,"comment_status":"open","ping_status":"closed","template":"","meta":{"_uag_custom_page_level_css":"","site-sidebar-layout":"default","site-content-layout":"","ast-site-content-layout":"default","site-content-style":"default","site-sidebar-style":"default","ast-global-header-display":"","ast-banner-title-visibility":"","ast-main-header-display":"","ast-hfb-above-header-display":"","ast-hfb-below-header-display":"","ast-hfb-mobile-header-display":"","site-post-title":"","ast-breadcrumbs-content":"","ast-featured-img":"","footer-sml-layout":"","theme-transparent-header-meta":"default","adv-header-id-meta":"","stick-header-meta":"","header-above-stick-meta":"","header-main-stick-meta":"","header-below-stick-meta":"","astra-migrate-meta-layouts":"set","ast-page-background-enabled":"default","ast-page-background-meta":{"desktop":{"background-color":"","background-image":"","background-repeat":"repeat","background-position":"center center","background-size":"auto","background-attachment":"scroll","background-type":"","background-media":"","overlay-type":"","overlay-color":"","overlay-opacity":"","overlay-gradient":""},"tablet":{"background-color":"","background-image":"","background-repeat":"repeat","background-position":"center center","background-size":"auto","background-attachment":"scroll","background-type":"","background-media":"","overlay-type":"","overlay-color":"","overlay-opacity":"","overlay-gradient":""},"mobile":{"background-color":"","background-image":"","background-repeat":"repeat","background-position":"center center","background-size":"auto","background-attachment":"scroll","background-type":"","background-media":"","overlay-type":"","overlay-color":"","overlay-opacity":"","overlay-gradient":""}},"ast-content-background-meta":{"desktop":{"background-color":"var(--ast-global-color-5)","background-image":"","background-repeat":"repeat","background-position":"center center","background-size":"auto","background-attachment":"scroll","background-type":"","background-media":"","overlay-type":"","overlay-color":"","overlay-opacity":"","overlay-gradient":""},"tablet":{"background-color":"var(--ast-global-color-5)","background-image":"","background-repeat":"repeat","background-position":"center center","background-size":"auto","background-attachment":"scroll","background-type":"","background-media":"","overlay-type":"","overlay-color":"","overlay-opacity":"","overlay-gradient":""},"mobile":{"background-color":"var(--ast-global-color-5)","background-image":"","background-repeat":"repeat","background-position":"center center","background-size":"auto","background-attachment":"scroll","background-type":"","background-media":"","overlay-type":"","overlay-color":"","overlay-opacity":"","overlay-gradient":""}}},"product_cat":[22],"product_tag":[],"class_list":{"0":"post-1122","1":"product","2":"type-product","3":"status-publish","4":"has-post-thumbnail","6":"product_cat-inhibidor-de-resistencia-bacteriana","7":"desktop-align-left","8":"tablet-align-left","9":"mobile-align-left","11":"first","12":"instock","13":"sale","14":"shipping-taxable","15":"purchasable","16":"product-type-simple"},"uagb_featured_image_src":{"full":["https:\/\/agropy.me\/tienda002\/wp-content\/uploads\/2024\/08\/p4.png",1000,1000,false],"thumbnail":["https:\/\/agropy.me\/tienda002\/wp-content\/uploads\/2024\/08\/p4-150x150.png",150,150,true],"medium":["https:\/\/agropy.me\/tienda002\/wp-content\/uploads\/2024\/08\/p4-300x300.png",300,300,true],"medium_large":["https:\/\/agropy.me\/tienda002\/wp-content\/uploads\/2024\/08\/p4-768x768.png",768,768,true],"large":["https:\/\/agropy.me\/tienda002\/wp-content\/uploads\/2024\/08\/p4.png",1000,1000,false],"1536x1536":["https:\/\/agropy.me\/tienda002\/wp-content\/uploads\/2024\/08\/p4.png",1000,1000,false],"2048x2048":["https:\/\/agropy.me\/tienda002\/wp-content\/uploads\/2024\/08\/p4.png",1000,1000,false],"woocommerce_thumbnail":["https:\/\/agropy.me\/tienda002\/wp-content\/uploads\/2024\/08\/p4-300x300.png",300,300,true],"woocommerce_single":["https:\/\/agropy.me\/tienda002\/wp-content\/uploads\/2024\/08\/p4-600x600.png",600,600,true],"woocommerce_gallery_thumbnail":["https:\/\/agropy.me\/tienda002\/wp-content\/uploads\/2024\/08\/p4-100x100.png",100,100,true]},"uagb_author_info":{"display_name":"tienda2","author_link":"https:\/\/agropy.me\/tienda002\/author\/"},"uagb_comment_info":0,"uagb_excerpt":"Combinaci\u00f3n Antibi\u00f3tica Sin\u00e9rgica con Inhibidor de resistencia Bacteriana de Amplio Espectro","_links":{"self":[{"href":"https:\/\/agropy.me\/tienda002\/wp-json\/wp\/v2\/product\/1122","targetHints":{"allow":["GET"]}}],"collection":[{"href":"https:\/\/agropy.me\/tienda002\/wp-json\/wp\/v2\/product"}],"about":[{"href":"https:\/\/agropy.me\/tienda002\/wp-json\/wp\/v2\/types\/product"}],"replies":[{"embeddable":true,"href":"https:\/\/agropy.me\/tienda002\/wp-json\/wp\/v2\/comments?post=1122"}],"wp:featuredmedia":[{"embeddable":true,"href":"https:\/\/agropy.me\/tienda002\/wp-json\/wp\/v2\/media\/1128"}],"wp:attachment":[{"href":"https:\/\/agropy.me\/tienda002\/wp-json\/wp\/v2\/media?parent=1122"}],"wp:term":[{"taxonomy":"product_cat","embeddable":true,"href":"https:\/\/agropy.me\/tienda002\/wp-json\/wp\/v2\/product_cat?post=1122"},{"taxonomy":"product_tag","embeddable":true,"href":"https:\/\/agropy.me\/tienda002\/wp-json\/wp\/v2\/product_tag?post=1122"}],"curies":[{"name":"wp","href":"https:\/\/api.w.org\/{rel}","templated":true}]}}