{"id":1117,"date":"2024-08-07T16:24:21","date_gmt":"2024-08-07T16:24:21","guid":{"rendered":"http:\/\/agropy.me\/tienda002\/?post_type=product&#038;p=1117"},"modified":"2024-08-07T16:32:05","modified_gmt":"2024-08-07T16:32:05","slug":"clinda-tabs-150-ft","status":"publish","type":"product","link":"https:\/\/agropy.me\/tienda002\/producto\/clinda-tabs-150-ft\/","title":{"rendered":"Clinda-Tabs\u00ae 150 FT"},"content":{"rendered":"<p>Formulaci\u00f3n: Cada tableta contiene: Clindamicina 150 mg, Saborizantes y Excipientes c.s.p. 1 tableta<\/p>\n<p>Indicaciones: Tratamiento de infecciones bacterianas de la piel (heridas y abscesos, piodermas), heridas profundas y abscesos, infecciones de la cavidad bucal\/dentales\/periodontales, osteomielitis y discoespondilitis, enteritis bacteriana primaria, infecciones oculares y del tracto respiratorio y toxoplasmosis, asociadas con bacterias susceptibles a la clindamicina.<\/p>\n<p>Dosis y Administraci\u00f3n: V\u00eda oral. Una tableta de 150 mg por cada 13.5 kg de peso una vez al d\u00eda o por cada 27 kg de peso cada 12 horas, directamente en la boca del animal o mezclada con el alimento.<\/p>\n","protected":false},"excerpt":{"rendered":"<p>Lincosamida palatable y de alta biodisponibilidad<\/p>\n","protected":false},"featured_media":1127,"comment_status":"open","ping_status":"closed","template":"","meta":{"_uag_custom_page_level_css":"","site-sidebar-layout":"default","site-content-layout":"","ast-site-content-layout":"default","site-content-style":"default","site-sidebar-style":"default","ast-global-header-display":"","ast-banner-title-visibility":"","ast-main-header-display":"","ast-hfb-above-header-display":"","ast-hfb-below-header-display":"","ast-hfb-mobile-header-display":"","site-post-title":"","ast-breadcrumbs-content":"","ast-featured-img":"","footer-sml-layout":"","theme-transparent-header-meta":"default","adv-header-id-meta":"","stick-header-meta":"","header-above-stick-meta":"","header-main-stick-meta":"","header-below-stick-meta":"","astra-migrate-meta-layouts":"set","ast-page-background-enabled":"default","ast-page-background-meta":{"desktop":{"background-color":"","background-image":"","background-repeat":"repeat","background-position":"center center","background-size":"auto","background-attachment":"scroll","background-type":"","background-media":"","overlay-type":"","overlay-color":"","overlay-opacity":"","overlay-gradient":""},"tablet":{"background-color":"","background-image":"","background-repeat":"repeat","background-position":"center center","background-size":"auto","background-attachment":"scroll","background-type":"","background-media":"","overlay-type":"","overlay-color":"","overlay-opacity":"","overlay-gradient":""},"mobile":{"background-color":"","background-image":"","background-repeat":"repeat","background-position":"center center","background-size":"auto","background-attachment":"scroll","background-type":"","background-media":"","overlay-type":"","overlay-color":"","overlay-opacity":"","overlay-gradient":""}},"ast-content-background-meta":{"desktop":{"background-color":"var(--ast-global-color-5)","background-image":"","background-repeat":"repeat","background-position":"center center","background-size":"auto","background-attachment":"scroll","background-type":"","background-media":"","overlay-type":"","overlay-color":"","overlay-opacity":"","overlay-gradient":""},"tablet":{"background-color":"var(--ast-global-color-5)","background-image":"","background-repeat":"repeat","background-position":"center center","background-size":"auto","background-attachment":"scroll","background-type":"","background-media":"","overlay-type":"","overlay-color":"","overlay-opacity":"","overlay-gradient":""},"mobile":{"background-color":"var(--ast-global-color-5)","background-image":"","background-repeat":"repeat","background-position":"center center","background-size":"auto","background-attachment":"scroll","background-type":"","background-media":"","overlay-type":"","overlay-color":"","overlay-opacity":"","overlay-gradient":""}}},"product_cat":[20],"product_tag":[],"class_list":{"0":"post-1117","1":"product","2":"type-product","3":"status-publish","4":"has-post-thumbnail","6":"product_cat-lincosamida-palatable","7":"desktop-align-left","8":"tablet-align-left","9":"mobile-align-left","11":"first","12":"instock","13":"shipping-taxable","14":"purchasable","15":"product-type-simple"},"uagb_featured_image_src":{"full":["https:\/\/agropy.me\/tienda002\/wp-content\/uploads\/2024\/08\/p3.png",1000,1000,false],"thumbnail":["https:\/\/agropy.me\/tienda002\/wp-content\/uploads\/2024\/08\/p3-150x150.png",150,150,true],"medium":["https:\/\/agropy.me\/tienda002\/wp-content\/uploads\/2024\/08\/p3-300x300.png",300,300,true],"medium_large":["https:\/\/agropy.me\/tienda002\/wp-content\/uploads\/2024\/08\/p3-768x768.png",768,768,true],"large":["https:\/\/agropy.me\/tienda002\/wp-content\/uploads\/2024\/08\/p3.png",1000,1000,false],"1536x1536":["https:\/\/agropy.me\/tienda002\/wp-content\/uploads\/2024\/08\/p3.png",1000,1000,false],"2048x2048":["https:\/\/agropy.me\/tienda002\/wp-content\/uploads\/2024\/08\/p3.png",1000,1000,false],"woocommerce_thumbnail":["https:\/\/agropy.me\/tienda002\/wp-content\/uploads\/2024\/08\/p3-300x300.png",300,300,true],"woocommerce_single":["https:\/\/agropy.me\/tienda002\/wp-content\/uploads\/2024\/08\/p3-600x600.png",600,600,true],"woocommerce_gallery_thumbnail":["https:\/\/agropy.me\/tienda002\/wp-content\/uploads\/2024\/08\/p3-100x100.png",100,100,true]},"uagb_author_info":{"display_name":"tienda2","author_link":"https:\/\/agropy.me\/tienda002\/author\/"},"uagb_comment_info":0,"uagb_excerpt":"Lincosamida palatable y de alta biodisponibilidad","_links":{"self":[{"href":"https:\/\/agropy.me\/tienda002\/wp-json\/wp\/v2\/product\/1117","targetHints":{"allow":["GET"]}}],"collection":[{"href":"https:\/\/agropy.me\/tienda002\/wp-json\/wp\/v2\/product"}],"about":[{"href":"https:\/\/agropy.me\/tienda002\/wp-json\/wp\/v2\/types\/product"}],"replies":[{"embeddable":true,"href":"https:\/\/agropy.me\/tienda002\/wp-json\/wp\/v2\/comments?post=1117"}],"wp:featuredmedia":[{"embeddable":true,"href":"https:\/\/agropy.me\/tienda002\/wp-json\/wp\/v2\/media\/1127"}],"wp:attachment":[{"href":"https:\/\/agropy.me\/tienda002\/wp-json\/wp\/v2\/media?parent=1117"}],"wp:term":[{"taxonomy":"product_cat","embeddable":true,"href":"https:\/\/agropy.me\/tienda002\/wp-json\/wp\/v2\/product_cat?post=1117"},{"taxonomy":"product_tag","embeddable":true,"href":"https:\/\/agropy.me\/tienda002\/wp-json\/wp\/v2\/product_tag?post=1117"}],"curies":[{"name":"wp","href":"https:\/\/api.w.org\/{rel}","templated":true}]}}