{"id":1112,"date":"2024-08-07T16:18:17","date_gmt":"2024-08-07T16:18:17","guid":{"rendered":"http:\/\/agropy.me\/tienda002\/?post_type=product&#038;p=1112"},"modified":"2024-08-07T16:31:46","modified_gmt":"2024-08-07T16:31:46","slug":"amoxi-tabs-c-250","status":"publish","type":"product","link":"https:\/\/agropy.me\/tienda002\/producto\/amoxi-tabs-c-250\/","title":{"rendered":"Amoxi-Tabs C\u00ae-250"},"content":{"rendered":"<p>Formulaci\u00f3n: Amoxicilina base 200 mg, \u00e1cido clavul\u00e1nico 50 mg, excipientes c.s.p. 1 tableta<\/p>\n<p>Indicaciones: Para el tratamiento de infecciones periodontales causadas por cepas susceptibles (bacterias aerobias y anaerobias). Apropiado en infecciones de la piel y tejido blando causadas por especies susceptibles de<em>\u00a0Staphylococcus<\/em>\u00a0spp.\u00a0<em>E. coli<\/em>,\u00a0<em>Pasteurella<\/em>\u00a0spp. y\u00a0<em>Streptococcus<\/em>\u00a0spp. Adecuado en infecciones del tracto respiratorio y urinario, incluyendo aquellas causadas por especies susceptibles de<em>\u00a0E. coli<\/em>. Tratamiento de osteomielitis y otras complicaciones bacterianas sensibles a la amoxicilina.<\/p>\n<p>Dosis y Administraci\u00f3n: 1 tableta\/16 kg de peso vivo cada 8 a 12 horas. En Infecciones del tracto urinario deben ser tratadas por 14 d\u00edas o m\u00e1s. Pioderma profunda puede requerir tratamiento por 21 d\u00edas. El tratamiento en ning\u00fan caso deber\u00e1 exceder los 30 d\u00edas. Administrar v\u00eda oral.<\/p>\n","protected":false},"excerpt":{"rendered":"<p>Antibi\u00f3tico de amplio espectro con inhibidor de resistencia bacteriana<\/p>\n","protected":false},"featured_media":1126,"comment_status":"open","ping_status":"closed","template":"","meta":{"_uag_custom_page_level_css":"","site-sidebar-layout":"default","site-content-layout":"","ast-site-content-layout":"default","site-content-style":"default","site-sidebar-style":"default","ast-global-header-display":"","ast-banner-title-visibility":"","ast-main-header-display":"","ast-hfb-above-header-display":"","ast-hfb-below-header-display":"","ast-hfb-mobile-header-display":"","site-post-title":"","ast-breadcrumbs-content":"","ast-featured-img":"","footer-sml-layout":"","theme-transparent-header-meta":"default","adv-header-id-meta":"","stick-header-meta":"","header-above-stick-meta":"","header-main-stick-meta":"","header-below-stick-meta":"","astra-migrate-meta-layouts":"set","ast-page-background-enabled":"default","ast-page-background-meta":{"desktop":{"background-color":"","background-image":"","background-repeat":"repeat","background-position":"center center","background-size":"auto","background-attachment":"scroll","background-type":"","background-media":"","overlay-type":"","overlay-color":"","overlay-opacity":"","overlay-gradient":""},"tablet":{"background-color":"","background-image":"","background-repeat":"repeat","background-position":"center center","background-size":"auto","background-attachment":"scroll","background-type":"","background-media":"","overlay-type":"","overlay-color":"","overlay-opacity":"","overlay-gradient":""},"mobile":{"background-color":"","background-image":"","background-repeat":"repeat","background-position":"center center","background-size":"auto","background-attachment":"scroll","background-type":"","background-media":"","overlay-type":"","overlay-color":"","overlay-opacity":"","overlay-gradient":""}},"ast-content-background-meta":{"desktop":{"background-color":"var(--ast-global-color-5)","background-image":"","background-repeat":"repeat","background-position":"center center","background-size":"auto","background-attachment":"scroll","background-type":"","background-media":"","overlay-type":"","overlay-color":"","overlay-opacity":"","overlay-gradient":""},"tablet":{"background-color":"var(--ast-global-color-5)","background-image":"","background-repeat":"repeat","background-position":"center center","background-size":"auto","background-attachment":"scroll","background-type":"","background-media":"","overlay-type":"","overlay-color":"","overlay-opacity":"","overlay-gradient":""},"mobile":{"background-color":"var(--ast-global-color-5)","background-image":"","background-repeat":"repeat","background-position":"center center","background-size":"auto","background-attachment":"scroll","background-type":"","background-media":"","overlay-type":"","overlay-color":"","overlay-opacity":"","overlay-gradient":""}}},"product_cat":[19],"product_tag":[],"class_list":{"0":"post-1112","1":"product","2":"type-product","3":"status-publish","4":"has-post-thumbnail","6":"product_cat-antibiotico","7":"desktop-align-left","8":"tablet-align-left","9":"mobile-align-left","11":"first","12":"instock","13":"shipping-taxable","14":"purchasable","15":"product-type-simple"},"uagb_featured_image_src":{"full":["https:\/\/agropy.me\/tienda002\/wp-content\/uploads\/2024\/08\/p2.png",1000,1000,false],"thumbnail":["https:\/\/agropy.me\/tienda002\/wp-content\/uploads\/2024\/08\/p2-150x150.png",150,150,true],"medium":["https:\/\/agropy.me\/tienda002\/wp-content\/uploads\/2024\/08\/p2-300x300.png",300,300,true],"medium_large":["https:\/\/agropy.me\/tienda002\/wp-content\/uploads\/2024\/08\/p2-768x768.png",768,768,true],"large":["https:\/\/agropy.me\/tienda002\/wp-content\/uploads\/2024\/08\/p2.png",1000,1000,false],"1536x1536":["https:\/\/agropy.me\/tienda002\/wp-content\/uploads\/2024\/08\/p2.png",1000,1000,false],"2048x2048":["https:\/\/agropy.me\/tienda002\/wp-content\/uploads\/2024\/08\/p2.png",1000,1000,false],"woocommerce_thumbnail":["https:\/\/agropy.me\/tienda002\/wp-content\/uploads\/2024\/08\/p2-300x300.png",300,300,true],"woocommerce_single":["https:\/\/agropy.me\/tienda002\/wp-content\/uploads\/2024\/08\/p2-600x600.png",600,600,true],"woocommerce_gallery_thumbnail":["https:\/\/agropy.me\/tienda002\/wp-content\/uploads\/2024\/08\/p2-100x100.png",100,100,true]},"uagb_author_info":{"display_name":"tienda2","author_link":"https:\/\/agropy.me\/tienda002\/author\/"},"uagb_comment_info":0,"uagb_excerpt":"Antibi\u00f3tico de amplio espectro con inhibidor de resistencia bacteriana","_links":{"self":[{"href":"https:\/\/agropy.me\/tienda002\/wp-json\/wp\/v2\/product\/1112","targetHints":{"allow":["GET"]}}],"collection":[{"href":"https:\/\/agropy.me\/tienda002\/wp-json\/wp\/v2\/product"}],"about":[{"href":"https:\/\/agropy.me\/tienda002\/wp-json\/wp\/v2\/types\/product"}],"replies":[{"embeddable":true,"href":"https:\/\/agropy.me\/tienda002\/wp-json\/wp\/v2\/comments?post=1112"}],"wp:featuredmedia":[{"embeddable":true,"href":"https:\/\/agropy.me\/tienda002\/wp-json\/wp\/v2\/media\/1126"}],"wp:attachment":[{"href":"https:\/\/agropy.me\/tienda002\/wp-json\/wp\/v2\/media?parent=1112"}],"wp:term":[{"taxonomy":"product_cat","embeddable":true,"href":"https:\/\/agropy.me\/tienda002\/wp-json\/wp\/v2\/product_cat?post=1112"},{"taxonomy":"product_tag","embeddable":true,"href":"https:\/\/agropy.me\/tienda002\/wp-json\/wp\/v2\/product_tag?post=1112"}],"curies":[{"name":"wp","href":"https:\/\/api.w.org\/{rel}","templated":true}]}}