{"id":1110,"date":"2024-08-07T16:09:00","date_gmt":"2024-08-07T16:09:00","guid":{"rendered":"http:\/\/agropy.me\/tienda002\/?post_type=product&#038;p=1110"},"modified":"2024-08-07T16:29:47","modified_gmt":"2024-08-07T16:29:47","slug":"agrogenta-11","status":"publish","type":"product","link":"https:\/\/agropy.me\/tienda002\/producto\/agrogenta-11\/","title":{"rendered":"Agrogenta\u00ae 11"},"content":{"rendered":"<p>Formulaci\u00f3n: Gentamicina (como sulfato) 110 mg, excipientes c.s.p. 1 mL.<\/p>\n<p>Indicaciones: Para el tratamiento de infecciones causadas por microorganismos sensibles a la gentamicina (del aparato genito-urinario, respiratorio, gastrointestinal). \u00datil adem\u00e1s en casos de mastitis, metritis bacteriana, infecciones cut\u00e1neas y posoperatorias, septicemias, entre otras.<\/p>\n<p>Dosis y Administraci\u00f3n: Bovinos, equinos, ovinos, caprinos, porcinos, cam\u00e9lidos: 1 mL\/27.5 kg de p.v.; animales j\u00f3venes, caninos y felinos: 1 mL\/14 kg de p.v.; aves de corral: 0.1 mL\/1.4 kg de p.v., cada 24 horas por 3 a 5 d\u00edas consecutivos v\u00eda subcut\u00e1nea o intramuscular. Aplicaci\u00f3n v\u00eda intrauterina o intramamaria: Vacas: 2 mL diluidos en 20 mL de soluci\u00f3n salina fisiol\u00f3gica por 3 a 5 d\u00edas. Yeguas: 20 mL diluidos en 200 &#8211; 500 mL de soluci\u00f3n salina fisiol\u00f3gica por 3 a 5 d\u00edas (solo v\u00eda intrauterina).<\/p>\n","protected":false},"excerpt":{"rendered":"<p>Aminogluc\u00f3sido de amplio espectro<\/p>\n","protected":false},"featured_media":1125,"comment_status":"closed","ping_status":"closed","template":"","meta":{"_uag_custom_page_level_css":"","site-sidebar-layout":"default","site-content-layout":"","ast-site-content-layout":"default","site-content-style":"default","site-sidebar-style":"default","ast-global-header-display":"","ast-banner-title-visibility":"","ast-main-header-display":"","ast-hfb-above-header-display":"","ast-hfb-below-header-display":"","ast-hfb-mobile-header-display":"","site-post-title":"","ast-breadcrumbs-content":"","ast-featured-img":"","footer-sml-layout":"","theme-transparent-header-meta":"default","adv-header-id-meta":"","stick-header-meta":"","header-above-stick-meta":"","header-main-stick-meta":"","header-below-stick-meta":"","astra-migrate-meta-layouts":"set","ast-page-background-enabled":"default","ast-page-background-meta":{"desktop":{"background-color":"","background-image":"","background-repeat":"repeat","background-position":"center center","background-size":"auto","background-attachment":"scroll","background-type":"","background-media":"","overlay-type":"","overlay-color":"","overlay-opacity":"","overlay-gradient":""},"tablet":{"background-color":"","background-image":"","background-repeat":"repeat","background-position":"center center","background-size":"auto","background-attachment":"scroll","background-type":"","background-media":"","overlay-type":"","overlay-color":"","overlay-opacity":"","overlay-gradient":""},"mobile":{"background-color":"","background-image":"","background-repeat":"repeat","background-position":"center center","background-size":"auto","background-attachment":"scroll","background-type":"","background-media":"","overlay-type":"","overlay-color":"","overlay-opacity":"","overlay-gradient":""}},"ast-content-background-meta":{"desktop":{"background-color":"var(--ast-global-color-5)","background-image":"","background-repeat":"repeat","background-position":"center center","background-size":"auto","background-attachment":"scroll","background-type":"","background-media":"","overlay-type":"","overlay-color":"","overlay-opacity":"","overlay-gradient":""},"tablet":{"background-color":"var(--ast-global-color-5)","background-image":"","background-repeat":"repeat","background-position":"center center","background-size":"auto","background-attachment":"scroll","background-type":"","background-media":"","overlay-type":"","overlay-color":"","overlay-opacity":"","overlay-gradient":""},"mobile":{"background-color":"var(--ast-global-color-5)","background-image":"","background-repeat":"repeat","background-position":"center center","background-size":"auto","background-attachment":"scroll","background-type":"","background-media":"","overlay-type":"","overlay-color":"","overlay-opacity":"","overlay-gradient":""}}},"product_cat":[18],"product_tag":[],"class_list":{"0":"post-1110","1":"product","2":"type-product","3":"status-publish","4":"has-post-thumbnail","6":"product_cat-aminoglucosido","7":"desktop-align-left","8":"tablet-align-left","9":"mobile-align-left","11":"first","12":"instock","13":"sale","14":"shipping-taxable","15":"purchasable","16":"product-type-simple"},"uagb_featured_image_src":{"full":["https:\/\/agropy.me\/tienda002\/wp-content\/uploads\/2024\/08\/p1.png",1000,1000,false],"thumbnail":["https:\/\/agropy.me\/tienda002\/wp-content\/uploads\/2024\/08\/p1-150x150.png",150,150,true],"medium":["https:\/\/agropy.me\/tienda002\/wp-content\/uploads\/2024\/08\/p1-300x300.png",300,300,true],"medium_large":["https:\/\/agropy.me\/tienda002\/wp-content\/uploads\/2024\/08\/p1-768x768.png",768,768,true],"large":["https:\/\/agropy.me\/tienda002\/wp-content\/uploads\/2024\/08\/p1.png",1000,1000,false],"1536x1536":["https:\/\/agropy.me\/tienda002\/wp-content\/uploads\/2024\/08\/p1.png",1000,1000,false],"2048x2048":["https:\/\/agropy.me\/tienda002\/wp-content\/uploads\/2024\/08\/p1.png",1000,1000,false],"woocommerce_thumbnail":["https:\/\/agropy.me\/tienda002\/wp-content\/uploads\/2024\/08\/p1-300x300.png",300,300,true],"woocommerce_single":["https:\/\/agropy.me\/tienda002\/wp-content\/uploads\/2024\/08\/p1-600x600.png",600,600,true],"woocommerce_gallery_thumbnail":["https:\/\/agropy.me\/tienda002\/wp-content\/uploads\/2024\/08\/p1-100x100.png",100,100,true]},"uagb_author_info":{"display_name":"tienda2","author_link":"https:\/\/agropy.me\/tienda002\/author\/"},"uagb_comment_info":0,"uagb_excerpt":"Aminogluc\u00f3sido de amplio espectro","_links":{"self":[{"href":"https:\/\/agropy.me\/tienda002\/wp-json\/wp\/v2\/product\/1110","targetHints":{"allow":["GET"]}}],"collection":[{"href":"https:\/\/agropy.me\/tienda002\/wp-json\/wp\/v2\/product"}],"about":[{"href":"https:\/\/agropy.me\/tienda002\/wp-json\/wp\/v2\/types\/product"}],"replies":[{"embeddable":true,"href":"https:\/\/agropy.me\/tienda002\/wp-json\/wp\/v2\/comments?post=1110"}],"wp:featuredmedia":[{"embeddable":true,"href":"https:\/\/agropy.me\/tienda002\/wp-json\/wp\/v2\/media\/1125"}],"wp:attachment":[{"href":"https:\/\/agropy.me\/tienda002\/wp-json\/wp\/v2\/media?parent=1110"}],"wp:term":[{"taxonomy":"product_cat","embeddable":true,"href":"https:\/\/agropy.me\/tienda002\/wp-json\/wp\/v2\/product_cat?post=1110"},{"taxonomy":"product_tag","embeddable":true,"href":"https:\/\/agropy.me\/tienda002\/wp-json\/wp\/v2\/product_tag?post=1110"}],"curies":[{"name":"wp","href":"https:\/\/api.w.org\/{rel}","templated":true}]}}