{"id":1143,"date":"2024-08-08T20:42:04","date_gmt":"2024-08-08T20:42:04","guid":{"rendered":"http:\/\/agropy.me\/tienda002\/?page_id=1143"},"modified":"2024-08-08T21:19:29","modified_gmt":"2024-08-08T21:19:29","slug":"servicios","status":"publish","type":"page","link":"https:\/\/agropy.me\/tienda002\/servicios\/","title":{"rendered":"Servicios"},"content":{"rendered":"\t\t<div data-elementor-type=\"wp-page\" data-elementor-id=\"1143\" class=\"elementor elementor-1143\">\n\t\t\t\t<div class=\"elementor-element elementor-element-b65e369 e-flex e-con-boxed e-con e-parent\" data-id=\"b65e369\" data-element_type=\"container\" data-settings=\"{&quot;background_background&quot;:&quot;classic&quot;}\">\n\t\t\t\t\t<div class=\"e-con-inner\">\n\t\t<div class=\"elementor-element elementor-element-0450b93 e-con-full e-flex e-con e-child\" data-id=\"0450b93\" data-element_type=\"container\">\n\t\t\t\t<div class=\"elementor-element elementor-element-8b1b674 elementor-widget elementor-widget-heading\" data-id=\"8b1b674\" data-element_type=\"widget\" data-widget_type=\"heading.default\">\n\t\t\t\t<div class=\"elementor-widget-container\">\n\t\t\t<style>\/*! elementor - v3.23.0 - 05-08-2024 *\/\n.elementor-heading-title{padding:0;margin:0;line-height:1}.elementor-widget-heading .elementor-heading-title[class*=elementor-size-]>a{color:inherit;font-size:inherit;line-height:inherit}.elementor-widget-heading .elementor-heading-title.elementor-size-small{font-size:15px}.elementor-widget-heading .elementor-heading-title.elementor-size-medium{font-size:19px}.elementor-widget-heading .elementor-heading-title.elementor-size-large{font-size:29px}.elementor-widget-heading .elementor-heading-title.elementor-size-xl{font-size:39px}.elementor-widget-heading .elementor-heading-title.elementor-size-xxl{font-size:59px}<\/style><h2 class=\"elementor-heading-title elementor-size-default\">Nuestros Servicios<\/h2>\t\t<\/div>\n\t\t\t\t<\/div>\n\t\t\t\t<\/div>\n\t\t\t\t\t<\/div>\n\t\t\t\t<\/div>\n\t\t\t\t<section class=\"elementor-section elementor-top-section elementor-element elementor-element-511432a elementor-section-boxed elementor-section-height-default elementor-section-height-default\" data-id=\"511432a\" data-element_type=\"section\">\n\t\t\t\t\t\t<div class=\"elementor-container elementor-column-gap-default\">\n\t\t\t\t\t<div class=\"elementor-column elementor-col-100 elementor-top-column elementor-element elementor-element-42b0f20\" data-id=\"42b0f20\" data-element_type=\"column\">\n\t\t\t<div class=\"elementor-widget-wrap elementor-element-populated\">\n\t\t\t\t\t\t<div class=\"elementor-element elementor-element-1aef643 elementor-invisible elementor-widget elementor-widget-heading\" data-id=\"1aef643\" data-element_type=\"widget\" data-settings=\"{&quot;_animation&quot;:&quot;zoomIn&quot;}\" data-widget_type=\"heading.default\">\n\t\t\t\t<div class=\"elementor-widget-container\">\n\t\t\t<h2 class=\"elementor-heading-title elementor-size-default\">Los mejores especialistas <\/h2>\t\t<\/div>\n\t\t\t\t<\/div>\n\t\t\t\t<div class=\"elementor-element elementor-element-39712e0 elementor-invisible elementor-widget elementor-widget-text-editor\" data-id=\"39712e0\" data-element_type=\"widget\" data-settings=\"{&quot;_animation&quot;:&quot;zoomIn&quot;}\" data-widget_type=\"text-editor.default\">\n\t\t\t\t<div class=\"elementor-widget-container\">\n\t\t\t<style>\/*! elementor - v3.23.0 - 05-08-2024 *\/\n.elementor-widget-text-editor.elementor-drop-cap-view-stacked .elementor-drop-cap{background-color:#69727d;color:#fff}.elementor-widget-text-editor.elementor-drop-cap-view-framed .elementor-drop-cap{color:#69727d;border:3px solid;background-color:transparent}.elementor-widget-text-editor:not(.elementor-drop-cap-view-default) .elementor-drop-cap{margin-top:8px}.elementor-widget-text-editor:not(.elementor-drop-cap-view-default) .elementor-drop-cap-letter{width:1em;height:1em}.elementor-widget-text-editor .elementor-drop-cap{float:left;text-align:center;line-height:1;font-size:50px}.elementor-widget-text-editor .elementor-drop-cap-letter{display:inline-block}<\/style>\t\t\t\t<p>Est\u00e1n al servicio de tu mascota<\/p>\t\t\t\t\t\t<\/div>\n\t\t\t\t<\/div>\n\t\t\t\t<section class=\"elementor-section elementor-inner-section elementor-element elementor-element-40b0bc5 elementor-section-boxed elementor-section-height-default elementor-section-height-default\" data-id=\"40b0bc5\" data-element_type=\"section\">\n\t\t\t\t\t\t<div class=\"elementor-container elementor-column-gap-default\">\n\t\t\t\t\t<div class=\"elementor-column elementor-col-33 elementor-inner-column elementor-element elementor-element-e79cc62\" data-id=\"e79cc62\" data-element_type=\"column\">\n\t\t\t<div class=\"elementor-widget-wrap elementor-element-populated\">\n\t\t\t\t\t\t<div class=\"elementor-element elementor-element-dbc8ecf elementor-invisible elementor-widget elementor-widget-elementskit-team\" data-id=\"dbc8ecf\" data-element_type=\"widget\" data-settings=\"{&quot;_animation&quot;:&quot;zoomInUp&quot;}\" data-widget_type=\"elementskit-team.default\">\n\t\t\t\t<div class=\"elementor-widget-container\">\n\t\t\t<div class=\"ekit-wid-con\">\n\t\t\t\t\t\t\t\t\t\t\t\t\t\t\t\t\t\t\t\t\t\t\t\t<div class=\"profile-image-card elementor-animation- ekit-team-img ekit-team-style-overlay text-center\">\n\n\t\t\t\t\t\t\t\t\t\t\t\t\t<img fetchpriority=\"high\" decoding=\"async\" width=\"1024\" height=\"1024\" src=\"https:\/\/agropy.me\/tienda002\/wp-content\/uploads\/2024\/08\/1-1024x1024.png\" class=\"attachment-large size-large wp-image-1047\" alt=\"\" srcset=\"https:\/\/agropy.me\/tienda002\/wp-content\/uploads\/2024\/08\/1-1024x1024.png 1024w, https:\/\/agropy.me\/tienda002\/wp-content\/uploads\/2024\/08\/1-300x300.png 300w, https:\/\/agropy.me\/tienda002\/wp-content\/uploads\/2024\/08\/1-100x100.png 100w, https:\/\/agropy.me\/tienda002\/wp-content\/uploads\/2024\/08\/1-600x600.png 600w, https:\/\/agropy.me\/tienda002\/wp-content\/uploads\/2024\/08\/1-150x150.png 150w, https:\/\/agropy.me\/tienda002\/wp-content\/uploads\/2024\/08\/1-768x768.png 768w, https:\/\/agropy.me\/tienda002\/wp-content\/uploads\/2024\/08\/1.png 1500w\" sizes=\"(max-width: 1024px) 100vw, 1024px\" \/>\t\t\t\t\t\t\t\t\t\t\t\t<div class=\"hover-area\">\n\t\t\t\t\t\t\t<div class=\"profile-body\">\n\t\t\t\t\t\t\t\t<h2 class=\"profile-title\">\n\t\t\t\t\t\t\t\t\t\t\t\t\t\t\t\t\tCirug\u00eda Especializada\t\t\t\t\t\t\t\t\t\t\t\t\t\t\t\t<\/h2>\n\t\t\t\t\t\t\t\t<p class=\"profile-designation\"><\/p>\n\t\t\t\t\t\t\t\t\t\t\t\t\t\t\t<\/div>\n\t\t\t\t\t\t\t\t\t\t\t\t\t<\/div>\n\t\t\t\t\t<\/div>\n\t\t\t\t\t\n\t\t\t\t\n\t\t\t\t<\/div>\t\t<\/div>\n\t\t\t\t<\/div>\n\t\t\t\t\t<\/div>\n\t\t<\/div>\n\t\t\t\t<div class=\"elementor-column elementor-col-33 elementor-inner-column elementor-element elementor-element-5f6a1ec\" data-id=\"5f6a1ec\" data-element_type=\"column\">\n\t\t\t<div class=\"elementor-widget-wrap elementor-element-populated\">\n\t\t\t\t\t\t<div class=\"elementor-element elementor-element-e280c2c elementor-invisible elementor-widget elementor-widget-elementskit-team\" data-id=\"e280c2c\" data-element_type=\"widget\" data-settings=\"{&quot;_animation&quot;:&quot;zoomInUp&quot;}\" data-widget_type=\"elementskit-team.default\">\n\t\t\t\t<div class=\"elementor-widget-container\">\n\t\t\t<div class=\"ekit-wid-con\">\n\t\t\t\t\t\t\t\t\t\t\t\t\t\t\t\t\t\t\t\t\t\t\t\t<div class=\"profile-image-card elementor-animation- ekit-team-img ekit-team-style-overlay text-center\">\n\n\t\t\t\t\t\t\t\t\t\t\t\t\t<img decoding=\"async\" width=\"1024\" height=\"1024\" src=\"https:\/\/agropy.me\/tienda002\/wp-content\/uploads\/2024\/08\/2-1024x1024.png\" class=\"attachment-large size-large wp-image-1051\" alt=\"\" srcset=\"https:\/\/agropy.me\/tienda002\/wp-content\/uploads\/2024\/08\/2-1024x1024.png 1024w, https:\/\/agropy.me\/tienda002\/wp-content\/uploads\/2024\/08\/2-300x300.png 300w, https:\/\/agropy.me\/tienda002\/wp-content\/uploads\/2024\/08\/2-100x100.png 100w, https:\/\/agropy.me\/tienda002\/wp-content\/uploads\/2024\/08\/2-600x600.png 600w, https:\/\/agropy.me\/tienda002\/wp-content\/uploads\/2024\/08\/2-150x150.png 150w, https:\/\/agropy.me\/tienda002\/wp-content\/uploads\/2024\/08\/2-768x768.png 768w, https:\/\/agropy.me\/tienda002\/wp-content\/uploads\/2024\/08\/2.png 1500w\" sizes=\"(max-width: 1024px) 100vw, 1024px\" \/>\t\t\t\t\t\t\t\t\t\t\t\t<div class=\"hover-area\">\n\t\t\t\t\t\t\t<div class=\"profile-body\">\n\t\t\t\t\t\t\t\t<h2 class=\"profile-title\">\n\t\t\t\t\t\t\t\t\t\t\t\t\t\t\t\t\tNutrici\u00f3n Cl\u00ednica\t\t\t\t\t\t\t\t\t\t\t\t\t\t\t\t<\/h2>\n\t\t\t\t\t\t\t\t<p class=\"profile-designation\"><\/p>\n\t\t\t\t\t\t\t\t\t\t\t\t\t\t\t<\/div>\n\t\t\t\t\t\t\t\t\t\t\t\t\t<\/div>\n\t\t\t\t\t<\/div>\n\t\t\t\t\t\n\t\t\t\t\n\t\t\t\t<\/div>\t\t<\/div>\n\t\t\t\t<\/div>\n\t\t\t\t\t<\/div>\n\t\t<\/div>\n\t\t\t\t<div class=\"elementor-column elementor-col-33 elementor-inner-column elementor-element elementor-element-545a73d\" data-id=\"545a73d\" data-element_type=\"column\">\n\t\t\t<div class=\"elementor-widget-wrap elementor-element-populated\">\n\t\t\t\t\t\t<div class=\"elementor-element elementor-element-807f7e6 elementor-invisible elementor-widget elementor-widget-elementskit-team\" data-id=\"807f7e6\" data-element_type=\"widget\" data-settings=\"{&quot;_animation&quot;:&quot;zoomInUp&quot;}\" data-widget_type=\"elementskit-team.default\">\n\t\t\t\t<div class=\"elementor-widget-container\">\n\t\t\t<div class=\"ekit-wid-con\">\n\t\t\t\t\t\t\t\t\t\t\t\t\t\t\t\t\t\t\t\t\t\t\t\t<div class=\"profile-image-card elementor-animation- ekit-team-img ekit-team-style-overlay text-center\">\n\n\t\t\t\t\t\t\t\t\t\t\t\t\t<img decoding=\"async\" width=\"1024\" height=\"1024\" src=\"https:\/\/agropy.me\/tienda002\/wp-content\/uploads\/2024\/08\/3-1024x1024.png\" class=\"attachment-large size-large wp-image-1053\" alt=\"\" srcset=\"https:\/\/agropy.me\/tienda002\/wp-content\/uploads\/2024\/08\/3-1024x1024.png 1024w, https:\/\/agropy.me\/tienda002\/wp-content\/uploads\/2024\/08\/3-300x300.png 300w, https:\/\/agropy.me\/tienda002\/wp-content\/uploads\/2024\/08\/3-100x100.png 100w, https:\/\/agropy.me\/tienda002\/wp-content\/uploads\/2024\/08\/3-600x600.png 600w, https:\/\/agropy.me\/tienda002\/wp-content\/uploads\/2024\/08\/3-150x150.png 150w, https:\/\/agropy.me\/tienda002\/wp-content\/uploads\/2024\/08\/3-768x768.png 768w, https:\/\/agropy.me\/tienda002\/wp-content\/uploads\/2024\/08\/3.png 1500w\" sizes=\"(max-width: 1024px) 100vw, 1024px\" \/>\t\t\t\t\t\t\t\t\t\t\t\t<div class=\"hover-area\">\n\t\t\t\t\t\t\t<div class=\"profile-body\">\n\t\t\t\t\t\t\t\t<h2 class=\"profile-title\">\n\t\t\t\t\t\t\t\t\t\t\t\t\t\t\t\t\tDermatolog\u00eda\t\t\t\t\t\t\t\t\t\t\t\t\t\t\t\t<\/h2>\n\t\t\t\t\t\t\t\t<p class=\"profile-designation\"><\/p>\n\t\t\t\t\t\t\t\t\t\t\t\t\t\t\t<\/div>\n\t\t\t\t\t\t\t\t\t\t\t\t\t<\/div>\n\t\t\t\t\t<\/div>\n\t\t\t\t\t\n\t\t\t\t\n\t\t\t\t<\/div>\t\t<\/div>\n\t\t\t\t<\/div>\n\t\t\t\t\t<\/div>\n\t\t<\/div>\n\t\t\t\t\t<\/div>\n\t\t<\/section>\n\t\t\t\t\t<\/div>\n\t\t<\/div>\n\t\t\t\t\t<\/div>\n\t\t<\/section>\n\t\t\t\t<section class=\"elementor-section elementor-top-section elementor-element elementor-element-eb320e7 elementor-section-boxed elementor-section-height-default elementor-section-height-default\" data-id=\"eb320e7\" data-element_type=\"section\">\n\t\t\t\t\t\t<div class=\"elementor-container elementor-column-gap-default\">\n\t\t\t\t\t<div class=\"elementor-column elementor-col-100 elementor-top-column elementor-element elementor-element-560f5a7\" data-id=\"560f5a7\" data-element_type=\"column\">\n\t\t\t<div class=\"elementor-widget-wrap elementor-element-populated\">\n\t\t\t\t\t\t<section class=\"elementor-section elementor-inner-section elementor-element elementor-element-1aca28b elementor-section-boxed elementor-section-height-default elementor-section-height-default\" data-id=\"1aca28b\" data-element_type=\"section\">\n\t\t\t\t\t\t<div class=\"elementor-container elementor-column-gap-default\">\n\t\t\t\t\t<div class=\"elementor-column elementor-col-33 elementor-inner-column elementor-element elementor-element-e7828e2\" data-id=\"e7828e2\" data-element_type=\"column\">\n\t\t\t<div class=\"elementor-widget-wrap elementor-element-populated\">\n\t\t\t\t\t\t<div class=\"elementor-element elementor-element-e668aa3 elementor-invisible elementor-widget elementor-widget-elementskit-team\" data-id=\"e668aa3\" data-element_type=\"widget\" data-settings=\"{&quot;_animation&quot;:&quot;zoomInUp&quot;}\" data-widget_type=\"elementskit-team.default\">\n\t\t\t\t<div class=\"elementor-widget-container\">\n\t\t\t<div class=\"ekit-wid-con\">\n\t\t\t\t\t\t\t\t\t\t\t\t\t\t\t\t\t\t\t\t\t\t\t\t<div class=\"profile-image-card elementor-animation- ekit-team-img ekit-team-style-overlay text-center\">\n\n\t\t\t\t\t\t\t\t\t\t\t\t\t<img loading=\"lazy\" decoding=\"async\" width=\"1024\" height=\"1024\" src=\"https:\/\/agropy.me\/tienda002\/wp-content\/uploads\/2024\/08\/4-1024x1024.png\" class=\"attachment-large size-large wp-image-1054\" alt=\"\" srcset=\"https:\/\/agropy.me\/tienda002\/wp-content\/uploads\/2024\/08\/4-1024x1024.png 1024w, https:\/\/agropy.me\/tienda002\/wp-content\/uploads\/2024\/08\/4-300x300.png 300w, https:\/\/agropy.me\/tienda002\/wp-content\/uploads\/2024\/08\/4-100x100.png 100w, https:\/\/agropy.me\/tienda002\/wp-content\/uploads\/2024\/08\/4-600x600.png 600w, https:\/\/agropy.me\/tienda002\/wp-content\/uploads\/2024\/08\/4-150x150.png 150w, https:\/\/agropy.me\/tienda002\/wp-content\/uploads\/2024\/08\/4-768x768.png 768w, https:\/\/agropy.me\/tienda002\/wp-content\/uploads\/2024\/08\/4.png 1500w\" sizes=\"(max-width: 1024px) 100vw, 1024px\" \/>\t\t\t\t\t\t\t\t\t\t\t\t<div class=\"hover-area\">\n\t\t\t\t\t\t\t<div class=\"profile-body\">\n\t\t\t\t\t\t\t\t<h2 class=\"profile-title\">\n\t\t\t\t\t\t\t\t\t\t\t\t\t\t\t\t\tAnestesia\t\t\t\t\t\t\t\t\t\t\t\t\t\t\t\t<\/h2>\n\t\t\t\t\t\t\t\t<p class=\"profile-designation\"><\/p>\n\t\t\t\t\t\t\t\t\t\t\t\t\t\t\t<\/div>\n\t\t\t\t\t\t\t\t\t\t\t\t\t<\/div>\n\t\t\t\t\t<\/div>\n\t\t\t\t\t\n\t\t\t\t\n\t\t\t\t<\/div>\t\t<\/div>\n\t\t\t\t<\/div>\n\t\t\t\t\t<\/div>\n\t\t<\/div>\n\t\t\t\t<div class=\"elementor-column elementor-col-33 elementor-inner-column elementor-element elementor-element-30fa0a6\" data-id=\"30fa0a6\" data-element_type=\"column\">\n\t\t\t<div class=\"elementor-widget-wrap elementor-element-populated\">\n\t\t\t\t\t\t<div class=\"elementor-element elementor-element-9a00d29 elementor-invisible elementor-widget elementor-widget-elementskit-team\" data-id=\"9a00d29\" data-element_type=\"widget\" data-settings=\"{&quot;_animation&quot;:&quot;zoomInUp&quot;}\" data-widget_type=\"elementskit-team.default\">\n\t\t\t\t<div class=\"elementor-widget-container\">\n\t\t\t<div class=\"ekit-wid-con\">\n\t\t\t\t\t\t\t\t\t\t\t\t\t\t\t\t\t\t\t\t\t\t\t\t<div class=\"profile-image-card elementor-animation- ekit-team-img ekit-team-style-overlay text-center\">\n\n\t\t\t\t\t\t\t\t\t\t\t\t\t<img loading=\"lazy\" decoding=\"async\" width=\"1024\" height=\"1024\" src=\"https:\/\/agropy.me\/tienda002\/wp-content\/uploads\/2024\/08\/5-1024x1024.png\" class=\"attachment-large size-large wp-image-1058\" alt=\"\" srcset=\"https:\/\/agropy.me\/tienda002\/wp-content\/uploads\/2024\/08\/5-1024x1024.png 1024w, https:\/\/agropy.me\/tienda002\/wp-content\/uploads\/2024\/08\/5-300x300.png 300w, https:\/\/agropy.me\/tienda002\/wp-content\/uploads\/2024\/08\/5-100x100.png 100w, https:\/\/agropy.me\/tienda002\/wp-content\/uploads\/2024\/08\/5-600x600.png 600w, https:\/\/agropy.me\/tienda002\/wp-content\/uploads\/2024\/08\/5-150x150.png 150w, https:\/\/agropy.me\/tienda002\/wp-content\/uploads\/2024\/08\/5-768x768.png 768w, https:\/\/agropy.me\/tienda002\/wp-content\/uploads\/2024\/08\/5.png 1500w\" sizes=\"(max-width: 1024px) 100vw, 1024px\" \/>\t\t\t\t\t\t\t\t\t\t\t\t<div class=\"hover-area\">\n\t\t\t\t\t\t\t<div class=\"profile-body\">\n\t\t\t\t\t\t\t\t<h2 class=\"profile-title\">\n\t\t\t\t\t\t\t\t\t\t\t\t\t\t\t\t\tOncolog\u00eda\t\t\t\t\t\t\t\t\t\t\t\t\t\t\t\t<\/h2>\n\t\t\t\t\t\t\t\t<p class=\"profile-designation\"><\/p>\n\t\t\t\t\t\t\t\t\t\t\t\t\t\t\t<\/div>\n\t\t\t\t\t\t\t\t\t\t\t\t\t<\/div>\n\t\t\t\t\t<\/div>\n\t\t\t\t\t\n\t\t\t\t\n\t\t\t\t<\/div>\t\t<\/div>\n\t\t\t\t<\/div>\n\t\t\t\t\t<\/div>\n\t\t<\/div>\n\t\t\t\t<div class=\"elementor-column elementor-col-33 elementor-inner-column elementor-element elementor-element-d33748f\" data-id=\"d33748f\" data-element_type=\"column\">\n\t\t\t<div class=\"elementor-widget-wrap elementor-element-populated\">\n\t\t\t\t\t\t<div class=\"elementor-element elementor-element-7cdafa6 elementor-invisible elementor-widget elementor-widget-elementskit-team\" data-id=\"7cdafa6\" data-element_type=\"widget\" data-settings=\"{&quot;_animation&quot;:&quot;zoomInUp&quot;}\" data-widget_type=\"elementskit-team.default\">\n\t\t\t\t<div class=\"elementor-widget-container\">\n\t\t\t<div class=\"ekit-wid-con\">\n\t\t\t\t\t\t\t\t\t\t\t\t\t\t\t\t\t\t\t\t\t\t\t\t<div class=\"profile-image-card elementor-animation- ekit-team-img ekit-team-style-overlay text-center\">\n\n\t\t\t\t\t\t\t\t\t\t\t\t\t<img loading=\"lazy\" decoding=\"async\" width=\"1024\" height=\"1024\" src=\"https:\/\/agropy.me\/tienda002\/wp-content\/uploads\/2024\/08\/6-1024x1024.png\" class=\"attachment-large size-large wp-image-1060\" alt=\"\" srcset=\"https:\/\/agropy.me\/tienda002\/wp-content\/uploads\/2024\/08\/6-1024x1024.png 1024w, https:\/\/agropy.me\/tienda002\/wp-content\/uploads\/2024\/08\/6-300x300.png 300w, https:\/\/agropy.me\/tienda002\/wp-content\/uploads\/2024\/08\/6-100x100.png 100w, https:\/\/agropy.me\/tienda002\/wp-content\/uploads\/2024\/08\/6-600x600.png 600w, https:\/\/agropy.me\/tienda002\/wp-content\/uploads\/2024\/08\/6-150x150.png 150w, https:\/\/agropy.me\/tienda002\/wp-content\/uploads\/2024\/08\/6-768x768.png 768w, https:\/\/agropy.me\/tienda002\/wp-content\/uploads\/2024\/08\/6.png 1500w\" sizes=\"(max-width: 1024px) 100vw, 1024px\" \/>\t\t\t\t\t\t\t\t\t\t\t\t<div class=\"hover-area\">\n\t\t\t\t\t\t\t<div class=\"profile-body\">\n\t\t\t\t\t\t\t\t<h2 class=\"profile-title\">\n\t\t\t\t\t\t\t\t\t\t\t\t\t\t\t\t\tTraumatolog\u00eda\t\t\t\t\t\t\t\t\t\t\t\t\t\t\t\t<\/h2>\n\t\t\t\t\t\t\t\t<p class=\"profile-designation\"><\/p>\n\t\t\t\t\t\t\t\t\t\t\t\t\t\t\t<\/div>\n\t\t\t\t\t\t\t\t\t\t\t\t\t<\/div>\n\t\t\t\t\t<\/div>\n\t\t\t\t\t\n\t\t\t\t\n\t\t\t\t<\/div>\t\t<\/div>\n\t\t\t\t<\/div>\n\t\t\t\t\t<\/div>\n\t\t<\/div>\n\t\t\t\t\t<\/div>\n\t\t<\/section>\n\t\t\t\t\t<\/div>\n\t\t<\/div>\n\t\t\t\t\t<\/div>\n\t\t<\/section>\n\t\t\t\t<\/div>\n\t\t","protected":false},"excerpt":{"rendered":"<p>Nuestros Servicios Los mejores especialistas Est\u00e1n al servicio de tu mascota Cirug\u00eda Especializada Nutrici\u00f3n Cl\u00ednica Dermatolog\u00eda Anestesia Oncolog\u00eda Traumatolog\u00eda<\/p>\n","protected":false},"author":1,"featured_media":0,"parent":0,"menu_order":0,"comment_status":"closed","ping_status":"closed","template":"elementor_header_footer","meta":{"_uag_custom_page_level_css":"","site-sidebar-layout":"no-sidebar","site-content-layout":"page-builder","ast-site-content-layout":"full-width-container","site-content-style":"default","site-sidebar-style":"default","ast-global-header-display":"","ast-banner-title-visibility":"","ast-main-header-display":"","ast-hfb-above-header-display":"","ast-hfb-below-header-display":"","ast-hfb-mobile-header-display":"","site-post-title":"disabled","ast-breadcrumbs-content":"","ast-featured-img":"disabled","footer-sml-layout":"","theme-transparent-header-meta":"","adv-header-id-meta":"","stick-header-meta":"","header-above-stick-meta":"","header-main-stick-meta":"","header-below-stick-meta":"","astra-migrate-meta-layouts":"set","ast-page-background-enabled":"default","ast-page-background-meta":{"desktop":{"background-color":"","background-image":"","background-repeat":"repeat","background-position":"center center","background-size":"auto","background-attachment":"scroll","background-type":"","background-media":"","overlay-type":"","overlay-color":"","overlay-opacity":"","overlay-gradient":""},"tablet":{"background-color":"","background-image":"","background-repeat":"repeat","background-position":"center center","background-size":"auto","background-attachment":"scroll","background-type":"","background-media":"","overlay-type":"","overlay-color":"","overlay-opacity":"","overlay-gradient":""},"mobile":{"background-color":"","background-image":"","background-repeat":"repeat","background-position":"center center","background-size":"auto","background-attachment":"scroll","background-type":"","background-media":"","overlay-type":"","overlay-color":"","overlay-opacity":"","overlay-gradient":""}},"ast-content-background-meta":{"desktop":{"background-color":"var(--ast-global-color-5)","background-image":"","background-repeat":"repeat","background-position":"center center","background-size":"auto","background-attachment":"scroll","background-type":"","background-media":"","overlay-type":"","overlay-color":"","overlay-opacity":"","overlay-gradient":""},"tablet":{"background-color":"var(--ast-global-color-5)","background-image":"","background-repeat":"repeat","background-position":"center center","background-size":"auto","background-attachment":"scroll","background-type":"","background-media":"","overlay-type":"","overlay-color":"","overlay-opacity":"","overlay-gradient":""},"mobile":{"background-color":"var(--ast-global-color-5)","background-image":"","background-repeat":"repeat","background-position":"center center","background-size":"auto","background-attachment":"scroll","background-type":"","background-media":"","overlay-type":"","overlay-color":"","overlay-opacity":"","overlay-gradient":""}},"footnotes":""},"class_list":["post-1143","page","type-page","status-publish","hentry"],"uagb_featured_image_src":{"full":false,"thumbnail":false,"medium":false,"medium_large":false,"large":false,"1536x1536":false,"2048x2048":false,"woocommerce_thumbnail":false,"woocommerce_single":false,"woocommerce_gallery_thumbnail":false},"uagb_author_info":{"display_name":"tienda2","author_link":"https:\/\/agropy.me\/tienda002\/author\/tienda2\/"},"uagb_comment_info":0,"uagb_excerpt":"Nuestros Servicios Los mejores especialistas Est\u00e1n al servicio de tu mascota Cirug\u00eda Especializada Nutrici\u00f3n Cl\u00ednica Dermatolog\u00eda Anestesia Oncolog\u00eda Traumatolog\u00eda","_links":{"self":[{"href":"https:\/\/agropy.me\/tienda002\/wp-json\/wp\/v2\/pages\/1143","targetHints":{"allow":["GET"]}}],"collection":[{"href":"https:\/\/agropy.me\/tienda002\/wp-json\/wp\/v2\/pages"}],"about":[{"href":"https:\/\/agropy.me\/tienda002\/wp-json\/wp\/v2\/types\/page"}],"author":[{"embeddable":true,"href":"https:\/\/agropy.me\/tienda002\/wp-json\/wp\/v2\/users\/1"}],"replies":[{"embeddable":true,"href":"https:\/\/agropy.me\/tienda002\/wp-json\/wp\/v2\/comments?post=1143"}],"version-history":[{"count":7,"href":"https:\/\/agropy.me\/tienda002\/wp-json\/wp\/v2\/pages\/1143\/revisions"}],"predecessor-version":[{"id":1177,"href":"https:\/\/agropy.me\/tienda002\/wp-json\/wp\/v2\/pages\/1143\/revisions\/1177"}],"wp:attachment":[{"href":"https:\/\/agropy.me\/tienda002\/wp-json\/wp\/v2\/media?parent=1143"}],"curies":[{"name":"wp","href":"https:\/\/api.w.org\/{rel}","templated":true}]}}