{"id":131,"date":"2022-04-02T22:17:13","date_gmt":"2022-04-02T22:17:13","guid":{"rendered":"https:\/\/agropy.me\/abogado3\/?page_id=131"},"modified":"2022-04-27T18:05:56","modified_gmt":"2022-04-27T18:05:56","slug":"inicio","status":"publish","type":"page","link":"https:\/\/agropy.me\/abogado3\/","title":{"rendered":"Inicio"},"content":{"rendered":"\t\t<div data-elementor-type=\"wp-page\" data-elementor-id=\"131\" class=\"elementor elementor-131\">\n\t\t\t\t\t\t<section class=\"elementor-section elementor-top-section elementor-element elementor-element-cd17e38 elementor-section-full_width elementor-section-height-default elementor-section-height-default\" data-id=\"cd17e38\" data-element_type=\"section\" data-e-type=\"section\">\n\t\t\t\t\t\t<div class=\"elementor-container elementor-column-gap-no\">\n\t\t\t\t\t<div class=\"elementor-column elementor-col-100 elementor-top-column elementor-element elementor-element-a692236\" data-id=\"a692236\" data-element_type=\"column\" data-e-type=\"column\">\n\t\t\t<div class=\"elementor-widget-wrap elementor-element-populated\">\n\t\t\t\t\t\t<div class=\"elementor-element elementor-element-b0812bb elementor-widget elementor-widget-shortcode\" data-id=\"b0812bb\" data-element_type=\"widget\" data-e-type=\"widget\" data-widget_type=\"shortcode.default\">\n\t\t\t\t<div class=\"elementor-widget-container\">\n\t\t\t\t\t\t\t<div class=\"elementor-shortcode\">\n<\/div>\n\t\t\t\t\t\t<\/div>\n\t\t\t\t<\/div>\n\t\t\t\t\t<\/div>\n\t\t<\/div>\n\t\t\t\t\t<\/div>\n\t\t<\/section>\n\t\t\t\t<section class=\"elementor-section elementor-top-section elementor-element elementor-element-5609a431 elementor-section-content-middle elementor-section-boxed elementor-section-height-default elementor-section-height-default\" data-id=\"5609a431\" data-element_type=\"section\" data-e-type=\"section\" data-settings=\"{&quot;background_background&quot;:&quot;classic&quot;}\">\n\t\t\t\t\t\t<div class=\"elementor-container elementor-column-gap-no\">\n\t\t\t\t\t<div class=\"elementor-column elementor-col-50 elementor-top-column elementor-element elementor-element-1fc21209\" data-id=\"1fc21209\" data-element_type=\"column\" data-e-type=\"column\">\n\t\t\t<div class=\"elementor-widget-wrap elementor-element-populated\">\n\t\t\t\t\t\t<div class=\"elementor-element elementor-element-2837c6af elementor-widget-divider--view-line elementor-widget elementor-widget-divider\" data-id=\"2837c6af\" data-element_type=\"widget\" data-e-type=\"widget\" data-widget_type=\"divider.default\">\n\t\t\t\t<div class=\"elementor-widget-container\">\n\t\t\t\t\t\t\t<div class=\"elementor-divider\">\n\t\t\t<span class=\"elementor-divider-separator\">\n\t\t\t\t\t\t<\/span>\n\t\t<\/div>\n\t\t\t\t\t\t<\/div>\n\t\t\t\t<\/div>\n\t\t\t\t<div class=\"elementor-element elementor-element-2ae9672c animated-slow elementor-invisible elementor-widget elementor-widget-heading\" data-id=\"2ae9672c\" data-element_type=\"widget\" data-e-type=\"widget\" data-settings=\"{&quot;_animation&quot;:&quot;fadeInUp&quot;}\" data-widget_type=\"heading.default\">\n\t\t\t\t<div class=\"elementor-widget-container\">\n\t\t\t\t\t<h4 class=\"elementor-heading-title elementor-size-default\">Nosotros<\/h4>\t\t\t\t<\/div>\n\t\t\t\t<\/div>\n\t\t\t\t\t<\/div>\n\t\t<\/div>\n\t\t\t\t<div class=\"elementor-column elementor-col-50 elementor-top-column elementor-element elementor-element-62443e82\" data-id=\"62443e82\" data-element_type=\"column\" data-e-type=\"column\">\n\t\t\t<div class=\"elementor-widget-wrap elementor-element-populated\">\n\t\t\t\t\t\t<div class=\"elementor-element elementor-element-678cb421 animated-slow elementor-invisible elementor-widget elementor-widget-text-editor\" data-id=\"678cb421\" data-element_type=\"widget\" data-e-type=\"widget\" data-settings=\"{&quot;_animation&quot;:&quot;fadeInUp&quot;}\" data-widget_type=\"text-editor.default\">\n\t\t\t\t<div class=\"elementor-widget-container\">\n\t\t\t\t\t\t\t\t\t<ul><li><span style=\"color: #808080;\"><strong>COMPROMISO<\/strong><\/span><\/li><\/ul><p>Nuestro compromiso con cada uno de nuestros clientes es brindar un servicio de alto nivel, responder a sus inquietudes y ser un gu\u00eda en cada uno de los procesos contratados con nosotros.<\/p><p>Nos preocupamos de que cada experiencia, sea personal y lo m\u00e1s efectiva posible.<\/p><p>Somos profesionales j\u00f3venes, ligados al mundo derecho, con experiencia en diversas materias, las cuales plasmaremos al enfrentar y resolver cada uno de los conflictos o situaciones que puedan tener ustedes.<\/p><ul><li><span style=\"color: #808080;\"><strong>VALORES<\/strong><\/span><\/li><\/ul><p>Transparencia, lealtad, fidelidad y compromiso.<\/p>\t\t\t\t\t\t\t\t<\/div>\n\t\t\t\t<\/div>\n\t\t\t\t\t<\/div>\n\t\t<\/div>\n\t\t\t\t\t<\/div>\n\t\t<\/section>\n\t\t\t\t<section class=\"elementor-section elementor-top-section elementor-element elementor-element-53b58000 elementor-section-content-middle elementor-section-boxed elementor-section-height-default elementor-section-height-default\" data-id=\"53b58000\" data-element_type=\"section\" data-e-type=\"section\" data-settings=\"{&quot;background_background&quot;:&quot;classic&quot;}\">\n\t\t\t\t\t\t\t<div class=\"elementor-background-overlay\"><\/div>\n\t\t\t\t\t\t\t<div class=\"elementor-container elementor-column-gap-no\">\n\t\t\t\t\t<div class=\"elementor-column elementor-col-100 elementor-top-column elementor-element elementor-element-256c0d2b\" data-id=\"256c0d2b\" data-element_type=\"column\" data-e-type=\"column\">\n\t\t\t<div class=\"elementor-widget-wrap elementor-element-populated\">\n\t\t\t\t\t\t<div class=\"elementor-element elementor-element-11f48174 elementor-widget elementor-widget-heading\" data-id=\"11f48174\" data-element_type=\"widget\" data-e-type=\"widget\" data-widget_type=\"heading.default\">\n\t\t\t\t<div class=\"elementor-widget-container\">\n\t\t\t\t\t<h4 class=\"elementor-heading-title elementor-size-default\">\"Transparencia, lealtad, fidelidad y compromiso\"<\/h4>\t\t\t\t<\/div>\n\t\t\t\t<\/div>\n\t\t\t\t<div class=\"elementor-element elementor-element-64394bab elementor-widget elementor-widget-heading\" data-id=\"64394bab\" data-element_type=\"widget\" data-e-type=\"widget\" data-widget_type=\"heading.default\">\n\t\t\t\t<div class=\"elementor-widget-container\">\n\t\t\t\t\t<h5 class=\"elementor-heading-title elementor-size-default\">LA ASESOR\u00cdA M\u00c1S COMPLETA CON NOSOTROS<\/h5>\t\t\t\t<\/div>\n\t\t\t\t<\/div>\n\t\t\t\t\t<\/div>\n\t\t<\/div>\n\t\t\t\t\t<\/div>\n\t\t<\/section>\n\t\t\t\t<section class=\"elementor-section elementor-top-section elementor-element elementor-element-c4e206a elementor-section-content-middle elementor-section-boxed elementor-section-height-default elementor-section-height-default\" data-id=\"c4e206a\" data-element_type=\"section\" data-e-type=\"section\">\n\t\t\t\t\t\t\t<div class=\"elementor-background-overlay\"><\/div>\n\t\t\t\t\t\t\t<div class=\"elementor-container elementor-column-gap-no\">\n\t\t\t\t\t<div class=\"elementor-column elementor-col-100 elementor-top-column elementor-element elementor-element-208a179f\" data-id=\"208a179f\" data-element_type=\"column\" data-e-type=\"column\">\n\t\t\t<div class=\"elementor-widget-wrap elementor-element-populated\">\n\t\t\t\t\t\t<div class=\"elementor-element elementor-element-70ee6431 animated-slow elementor-view-default elementor-position-block-start elementor-mobile-position-block-start elementor-invisible elementor-widget elementor-widget-icon-box\" data-id=\"70ee6431\" data-element_type=\"widget\" data-e-type=\"widget\" data-settings=\"{&quot;_animation&quot;:&quot;fadeInUp&quot;}\" data-widget_type=\"icon-box.default\">\n\t\t\t\t<div class=\"elementor-widget-container\">\n\t\t\t\t\t\t\t<div class=\"elementor-icon-box-wrapper\">\n\n\t\t\t\t\t\t<div class=\"elementor-icon-box-icon\">\n\t\t\t\t<span  class=\"elementor-icon\">\n\t\t\t\t<i aria-hidden=\"true\" class=\"fas fa-check-circle\"><\/i>\t\t\t\t<\/span>\n\t\t\t<\/div>\n\t\t\t\n\t\t\t\t\t\t<div class=\"elementor-icon-box-content\">\n\n\t\t\t\t\n\t\t\t\t\t\t\t\t\t<p class=\"elementor-icon-box-description\">\n\t\t\t\t\t\t\u00c1reas de Servicio\t\t\t\t\t<\/p>\n\t\t\t\t\n\t\t\t<\/div>\n\t\t\t\n\t\t<\/div>\n\t\t\t\t\t\t<\/div>\n\t\t\t\t<\/div>\n\t\t\t\t\t<\/div>\n\t\t<\/div>\n\t\t\t\t\t<\/div>\n\t\t<\/section>\n\t\t\t\t<section class=\"elementor-section elementor-top-section elementor-element elementor-element-81d2b01 animated-slow elementor-section-boxed elementor-section-height-default elementor-section-height-default elementor-invisible\" data-id=\"81d2b01\" data-element_type=\"section\" data-e-type=\"section\" data-settings=\"{&quot;animation&quot;:&quot;fadeInUp&quot;}\">\n\t\t\t\t\t\t<div class=\"elementor-container elementor-column-gap-default\">\n\t\t\t\t\t<div class=\"elementor-column elementor-col-100 elementor-top-column elementor-element elementor-element-f7f08c2\" data-id=\"f7f08c2\" data-element_type=\"column\" data-e-type=\"column\">\n\t\t\t<div class=\"elementor-widget-wrap elementor-element-populated\">\n\t\t\t\t\t\t<div class=\"elementor-element elementor-element-3e0a029 elementor-tabs-view-horizontal elementor-widget elementor-widget-tabs\" data-id=\"3e0a029\" data-element_type=\"widget\" data-e-type=\"widget\" data-widget_type=\"tabs.default\">\n\t\t\t\t<div class=\"elementor-widget-container\">\n\t\t\t\t\t\t\t<div class=\"elementor-tabs\">\n\t\t\t<div class=\"elementor-tabs-wrapper\" role=\"tablist\" >\n\t\t\t\t\t\t\t\t\t<div id=\"elementor-tab-title-6501\" class=\"elementor-tab-title elementor-tab-desktop-title\" aria-selected=\"true\" data-tab=\"1\" role=\"tab\" tabindex=\"0\" aria-controls=\"elementor-tab-content-6501\" aria-expanded=\"false\">Asesor\u00eda<\/div>\n\t\t\t\t\t\t\t\t\t<div id=\"elementor-tab-title-6502\" class=\"elementor-tab-title elementor-tab-desktop-title\" aria-selected=\"false\" data-tab=\"2\" role=\"tab\" tabindex=\"-1\" aria-controls=\"elementor-tab-content-6502\" aria-expanded=\"false\">Defensa en Juicio <\/div>\n\t\t\t\t\t\t\t<\/div>\n\t\t\t<div class=\"elementor-tabs-content-wrapper\" role=\"tablist\" aria-orientation=\"vertical\">\n\t\t\t\t\t\t\t\t\t<div class=\"elementor-tab-title elementor-tab-mobile-title\" aria-selected=\"true\" data-tab=\"1\" role=\"tab\" tabindex=\"0\" aria-controls=\"elementor-tab-content-6501\" aria-expanded=\"false\">Asesor\u00eda<\/div>\n\t\t\t\t\t<div id=\"elementor-tab-content-6501\" class=\"elementor-tab-content elementor-clearfix\" data-tab=\"1\" role=\"tabpanel\" aria-labelledby=\"elementor-tab-title-6501\" tabindex=\"0\" hidden=\"false\"><p>La situaci\u00f3n que vive nuestro pa\u00eds es compleja en muchos sentidos, sobre todo el impacto que ha generado la pandemia y estallido social en el bolsillo de cada uno de nosotros, es por ello, que uno de los pilares fundamentales de nuestro estudio jur\u00eddico, es poder asesorar y ayudar en situaciones de crisis; el no pago de un dividendo, de una cuota de alg\u00fan cr\u00e9dito, poder proteger los bienes que con tanto esfuerzo se adquirieron, constantes llamados telef\u00f3nicos y amenazas por posibles demandas en su contra.<\/p><p>Es por lo anterior que, nos comprometemos como a poder asesorarle en diversas \u00e1reas y a darle soluci\u00f3n a los problemas econ\u00f3micos que lo aquejan desde diversos puntos y estrategias jur\u00eddicas.<\/p><\/div>\n\t\t\t\t\t\t\t\t\t<div class=\"elementor-tab-title elementor-tab-mobile-title\" aria-selected=\"false\" data-tab=\"2\" role=\"tab\" tabindex=\"-1\" aria-controls=\"elementor-tab-content-6502\" aria-expanded=\"false\">Defensa en Juicio <\/div>\n\t\t\t\t\t<div id=\"elementor-tab-content-6502\" class=\"elementor-tab-content elementor-clearfix\" data-tab=\"2\" role=\"tabpanel\" aria-labelledby=\"elementor-tab-title-6502\" tabindex=\"0\" hidden=\"hidden\"><p>Es muy com\u00fan que, sin poder saberlo con anterioridad, lo lleguen a notificar por una deuda que no pudo pagar por distintos motivos que mediante llamados y amenazas de cobranza judicial se gener\u00f3 una demanda. Nuestra asesor\u00eda va desde poder defenderlo en un comienzo hasta poder tener resultados positivos, esto ira variando de acuerdo con a la estrategia que se tome en conjunto con los abogados del estudio buscando proteger a nuestros clientes y en ning\u00fan caso aceptar repactaciones millonarias que no se condicen con lo que se pact\u00f3 en un primer momento con la instituci\u00f3n financiera. <br \/>Ya dentro de las defensas en juicio (ya notificada o no la demanda) hay distintas formas de tener un resultado favorable y que la deuda quede extinta; <br \/><span style=\"color: #ff6600;\">&#8211; Abandono del procedimiento<\/span><br \/>Es una sanci\u00f3n dentro procedimiento (es un incidente de previo y especial pronunciamiento), al demandante negligente como consecuencia de la inactividad de las partes que figuran en el juicio, esto genera que el termino de la causa y por consiguiente que no se pueda volver a demandar por lo mismo. <br \/><span style=\"color: #ff6600;\">&#8211; Prescripci\u00f3n<\/span><br \/>Nos comprometemos a revisar cada uno de tus casos y ver la mejor opci\u00f3n para vuestros casos, m\u00e1s, si usamos las herramientas que nos entrega la ley.<\/p><p>Adem\u00e1s, Proteger los bienes que est\u00e1n dentro de un domicilio en el cual eventualmente lo notificaron es fundamental, es por ello que nuestro estudio jur\u00eddico se compromete a trabajar en eventualmente recuperar los bienes mediante una Tercer\u00eda de Posesi\u00f3n (art.700 del C\u00f3digo Civil).<\/p><\/div>\n\t\t\t\t\t\t\t<\/div>\n\t\t<\/div>\n\t\t\t\t\t\t<\/div>\n\t\t\t\t<\/div>\n\t\t\t\t\t<\/div>\n\t\t<\/div>\n\t\t\t\t\t<\/div>\n\t\t<\/section>\n\t\t\t\t<section class=\"elementor-section elementor-top-section elementor-element elementor-element-4bdac7d elementor-section-content-middle animated-slow elementor-section-boxed elementor-section-height-default elementor-section-height-default elementor-invisible\" data-id=\"4bdac7d\" data-element_type=\"section\" data-e-type=\"section\" data-settings=\"{&quot;animation&quot;:&quot;fadeInUp&quot;}\">\n\t\t\t\t\t\t<div class=\"elementor-container elementor-column-gap-no\">\n\t\t\t\t\t<div class=\"elementor-column elementor-col-100 elementor-top-column elementor-element elementor-element-2438992e\" data-id=\"2438992e\" data-element_type=\"column\" data-e-type=\"column\">\n\t\t\t<div class=\"elementor-widget-wrap elementor-element-populated\">\n\t\t\t\t\t\t<div class=\"elementor-element elementor-element-173fe4ff elementor-align-center elementor-widget elementor-widget-button\" data-id=\"173fe4ff\" data-element_type=\"widget\" data-e-type=\"widget\" data-widget_type=\"button.default\">\n\t\t\t\t<div class=\"elementor-widget-container\">\n\t\t\t\t\t\t\t\t\t<div class=\"elementor-button-wrapper\">\n\t\t\t\t\t<a class=\"elementor-button elementor-button-link elementor-size-sm elementor-animation-grow\" href=\"https:\/\/agropy.me\/abogado3\/areas-de-servicio\/\">\n\t\t\t\t\t\t<span class=\"elementor-button-content-wrapper\">\n\t\t\t\t\t\t\t\t\t<span class=\"elementor-button-text\">Ver todas las \u00e1reas<\/span>\n\t\t\t\t\t<\/span>\n\t\t\t\t\t<\/a>\n\t\t\t\t<\/div>\n\t\t\t\t\t\t\t\t<\/div>\n\t\t\t\t<\/div>\n\t\t\t\t\t<\/div>\n\t\t<\/div>\n\t\t\t\t\t<\/div>\n\t\t<\/section>\n\t\t\t\t<\/div>\n\t\t","protected":false},"excerpt":{"rendered":"<p>Nosotros COMPROMISO Nuestro compromiso con cada uno de nuestros clientes es brindar un servicio de alto nivel, responder a sus inquietudes y ser un gu\u00eda [&hellip;]<\/p>\n","protected":false},"author":1,"featured_media":0,"parent":0,"menu_order":0,"comment_status":"closed","ping_status":"closed","template":"elementor_header_footer","meta":{"footnotes":""},"class_list":["post-131","page","type-page","status-publish","hentry"],"_links":{"self":[{"href":"https:\/\/agropy.me\/abogado3\/wp-json\/wp\/v2\/pages\/131","targetHints":{"allow":["GET"]}}],"collection":[{"href":"https:\/\/agropy.me\/abogado3\/wp-json\/wp\/v2\/pages"}],"about":[{"href":"https:\/\/agropy.me\/abogado3\/wp-json\/wp\/v2\/types\/page"}],"author":[{"embeddable":true,"href":"https:\/\/agropy.me\/abogado3\/wp-json\/wp\/v2\/users\/1"}],"replies":[{"embeddable":true,"href":"https:\/\/agropy.me\/abogado3\/wp-json\/wp\/v2\/comments?post=131"}],"version-history":[{"count":34,"href":"https:\/\/agropy.me\/abogado3\/wp-json\/wp\/v2\/pages\/131\/revisions"}],"predecessor-version":[{"id":446,"href":"https:\/\/agropy.me\/abogado3\/wp-json\/wp\/v2\/pages\/131\/revisions\/446"}],"wp:attachment":[{"href":"https:\/\/agropy.me\/abogado3\/wp-json\/wp\/v2\/media?parent=131"}],"curies":[{"name":"wp","href":"https:\/\/api.w.org\/{rel}","templated":true}]}}