{"id":1444,"date":"2024-07-15T14:26:38","date_gmt":"2024-07-15T14:26:38","guid":{"rendered":"http:\/\/agropy.me\/abogado010\/?page_id=1444"},"modified":"2024-07-15T15:44:26","modified_gmt":"2024-07-15T15:44:26","slug":"nosotros-2","status":"publish","type":"page","link":"https:\/\/agropy.me\/abogado010\/nosotros-2\/","title":{"rendered":"Nosotros"},"content":{"rendered":"\t\t<div data-elementor-type=\"wp-page\" data-elementor-id=\"1444\" class=\"elementor elementor-1444\">\n\t\t\t\t<div class=\"elementor-element elementor-element-153da78 e-flex e-con-boxed wpr-particle-no wpr-jarallax-no wpr-parallax-no wpr-sticky-section-no e-con e-parent\" data-id=\"153da78\" data-element_type=\"container\">\n\t\t\t\t\t<div class=\"e-con-inner\">\n\t\t\t\t<div class=\"elementor-element elementor-element-61be306 elementor-widget elementor-widget-heading\" data-id=\"61be306\" data-element_type=\"widget\" data-widget_type=\"heading.default\">\n\t\t\t\t<div class=\"elementor-widget-container\">\n\t\t\t<style>\/*! elementor - v3.23.0 - 05-08-2024 *\/\n.elementor-heading-title{padding:0;margin:0;line-height:1}.elementor-widget-heading .elementor-heading-title[class*=elementor-size-]>a{color:inherit;font-size:inherit;line-height:inherit}.elementor-widget-heading .elementor-heading-title.elementor-size-small{font-size:15px}.elementor-widget-heading .elementor-heading-title.elementor-size-medium{font-size:19px}.elementor-widget-heading .elementor-heading-title.elementor-size-large{font-size:29px}.elementor-widget-heading .elementor-heading-title.elementor-size-xl{font-size:39px}.elementor-widget-heading .elementor-heading-title.elementor-size-xxl{font-size:59px}<\/style><h2 class=\"elementor-heading-title elementor-size-default\">nosotros<\/h2>\t\t<\/div>\n\t\t\t\t<\/div>\n\t\t\t\t<div class=\"elementor-element elementor-element-f21099c elementor-widget elementor-widget-text-editor\" data-id=\"f21099c\" data-element_type=\"widget\" data-widget_type=\"text-editor.default\">\n\t\t\t\t<div class=\"elementor-widget-container\">\n\t\t\t<style>\/*! elementor - v3.23.0 - 05-08-2024 *\/\n.elementor-widget-text-editor.elementor-drop-cap-view-stacked .elementor-drop-cap{background-color:#69727d;color:#fff}.elementor-widget-text-editor.elementor-drop-cap-view-framed .elementor-drop-cap{color:#69727d;border:3px solid;background-color:transparent}.elementor-widget-text-editor:not(.elementor-drop-cap-view-default) .elementor-drop-cap{margin-top:8px}.elementor-widget-text-editor:not(.elementor-drop-cap-view-default) .elementor-drop-cap-letter{width:1em;height:1em}.elementor-widget-text-editor .elementor-drop-cap{float:left;text-align:center;line-height:1;font-size:50px}.elementor-widget-text-editor .elementor-drop-cap-letter{display:inline-block}<\/style>\t\t\t\t<p>Grupo humano de profesionales del \u00e1rea del Derecho, especializados en brindar soluciones dentro del derecho de familia.<\/p><p>Nos identificamos con la b\u00fasqueda constante de los m\u00e1s altos est\u00e1ndares de excelencia y profesionalismo.<\/p><p>Nuestro compromiso en entregar un servicio de calidad y al alcance de todos, priorizando un buen y exitoso proceso, resguardando y defendiendo los derechos de las partes involucradas.<\/p><p>Nuestros abogados se encargar\u00e1n de cumplir de mejor manera con las expectativas y necesidades de nuestros clientes, procurando tener un resultado satisfactorio a sus problemas legales.<\/p><p>Lo que nos distingue es la atenci\u00f3n que ponemos a cada detalle de su caso, buscando la mejor soluci\u00f3n y estrategia judicial a su problema, siendo honestos con el cliente sobre los reales resultados posibles<\/p>\t\t\t\t\t\t<\/div>\n\t\t\t\t<\/div>\n\t\t\t\t\t<\/div>\n\t\t\t\t<\/div>\n\t\t\t\t<section class=\"elementor-section elementor-top-section elementor-element elementor-element-d7up1u9 elementor-section-content-top elementor-section-boxed elementor-section-height-default elementor-section-height-default wpr-particle-no wpr-jarallax-no wpr-parallax-no wpr-sticky-section-no elementor-invisible\" data-id=\"d7up1u9\" data-element_type=\"section\" data-settings=\"{&quot;animation&quot;:&quot;fadeInDown&quot;}\">\n\t\t\t\t\t\t\t<div class=\"elementor-background-overlay\"><\/div>\n\t\t\t\t\t\t\t<div class=\"elementor-container elementor-column-gap-no\">\n\t\t\t\t\t<div class=\"elementor-column elementor-col-33 elementor-top-column elementor-element elementor-element-dae59b1\" data-id=\"dae59b1\" data-element_type=\"column\">\n\t\t\t<div class=\"elementor-widget-wrap elementor-element-populated\">\n\t\t\t\t\t\t<div class=\"elementor-element elementor-element-59109b5 elementor-widget elementor-widget-heading\" data-id=\"59109b5\" data-element_type=\"widget\" data-widget_type=\"heading.default\">\n\t\t\t\t<div class=\"elementor-widget-container\">\n\t\t\t<h3 class=\"elementor-heading-title elementor-size-default\">VISI\u00d3N<\/h3>\t\t<\/div>\n\t\t\t\t<\/div>\n\t\t\t\t<div class=\"elementor-element elementor-element-c163e08 elementor-widget elementor-widget-text-editor\" data-id=\"c163e08\" data-element_type=\"widget\" data-widget_type=\"text-editor.default\">\n\t\t\t\t<div class=\"elementor-widget-container\">\n\t\t\t\t\t\t\t<p>El esp\u00edritu de nuestro estudio jur\u00eddico nos impulsa a trabajar en miras a convertirnos en la principal firma de abogados de la macro zona norte, fundado en la confianza que hemos logrado cultivar a trav\u00e9s de los a\u00f1os con nuestros clientes.<\/p>\t\t\t\t\t\t<\/div>\n\t\t\t\t<\/div>\n\t\t\t\t\t<\/div>\n\t\t<\/div>\n\t\t\t\t<div class=\"elementor-column elementor-col-33 elementor-top-column elementor-element elementor-element-690ed9e\" data-id=\"690ed9e\" data-element_type=\"column\">\n\t\t\t<div class=\"elementor-widget-wrap elementor-element-populated\">\n\t\t\t\t\t\t<div class=\"elementor-element elementor-element-7ab8eba elementor-widget elementor-widget-heading\" data-id=\"7ab8eba\" data-element_type=\"widget\" data-widget_type=\"heading.default\">\n\t\t\t\t<div class=\"elementor-widget-container\">\n\t\t\t<h3 class=\"elementor-heading-title elementor-size-default\">MISI\u00d3N<\/h3>\t\t<\/div>\n\t\t\t\t<\/div>\n\t\t\t\t<div class=\"elementor-element elementor-element-5e382e9 elementor-widget elementor-widget-text-editor\" data-id=\"5e382e9\" data-element_type=\"widget\" data-widget_type=\"text-editor.default\">\n\t\t\t\t<div class=\"elementor-widget-container\">\n\t\t\t\t\t\t\t<p>Somos un estudio jur\u00eddico integrado por un equipo de profesionales con mas de 10 a\u00f1os de experiencia, cuyo principal objetivo es la prevenci\u00f3n de conflictos jur\u00eddicos, mediante una asesor\u00eda integral, tanto de personas naturales como jur\u00eddicas, buscando brindar la protecci\u00f3n de sus intereses, mediante la representaci\u00f3n judicial y extrajudicial.<\/p>\t\t\t\t\t\t<\/div>\n\t\t\t\t<\/div>\n\t\t\t\t\t<\/div>\n\t\t<\/div>\n\t\t\t\t<div class=\"elementor-column elementor-col-33 elementor-top-column elementor-element elementor-element-a8709b1\" data-id=\"a8709b1\" data-element_type=\"column\">\n\t\t\t<div class=\"elementor-widget-wrap elementor-element-populated\">\n\t\t\t\t\t\t<div class=\"elementor-element elementor-element-25c9e7a elementor-widget elementor-widget-heading\" data-id=\"25c9e7a\" data-element_type=\"widget\" data-widget_type=\"heading.default\">\n\t\t\t\t<div class=\"elementor-widget-container\">\n\t\t\t<h3 class=\"elementor-heading-title elementor-size-default\">valores<\/h3>\t\t<\/div>\n\t\t\t\t<\/div>\n\t\t\t\t<div class=\"elementor-element elementor-element-0e64f90 elementor-widget elementor-widget-text-editor\" data-id=\"0e64f90\" data-element_type=\"widget\" data-widget_type=\"text-editor.default\">\n\t\t\t\t<div class=\"elementor-widget-container\">\n\t\t\t\t\t\t\t<p>Nuestra firma de abogados se fundamenta en los principios de integridad, excelencia y compromiso con el cliente. Nos comprometemos a actuar con profesionalismo y empat\u00eda, utilizando innovaci\u00f3n y colaboraci\u00f3n para ofrecer soluciones legales efectivas y \u00e9ticas. Valoramos la responsabilidad social y buscamos contribuir positivamente a nuestra comunidad, asegurando siempre la confidencialidad y el respeto en todas nuestras interacciones.<\/p>\t\t\t\t\t\t<\/div>\n\t\t\t\t<\/div>\n\t\t\t\t\t<\/div>\n\t\t<\/div>\n\t\t\t\t\t<\/div>\n\t\t<\/section>\n\t\t\t\t<\/div>\n\t\t","protected":false},"excerpt":{"rendered":"<p>nosotros Grupo humano de profesionales del \u00e1rea del Derecho, especializados en brindar soluciones dentro del derecho de familia. Nos identificamos con la b\u00fasqueda constante de los m\u00e1s altos est\u00e1ndares de excelencia y profesionalismo. Nuestro compromiso en entregar un servicio de calidad y al alcance de todos, priorizando un buen y exitoso proceso, resguardando y defendiendo los derechos de las partes involucradas. Nuestros abogados se encargar\u00e1n de cumplir de mejor manera con las expectativas y necesidades de nuestros clientes, procurando tener un resultado satisfactorio a sus problemas legales. Lo que nos distingue es la atenci\u00f3n que ponemos a cada detalle de su caso, buscando la mejor soluci\u00f3n y estrategia judicial a su problema, siendo honestos con el cliente sobre los reales resultados posibles VISI\u00d3N El esp\u00edritu de nuestro estudio jur\u00eddico nos impulsa a trabajar en miras a convertirnos en la principal firma de abogados de la macro zona norte, fundado en la confianza que hemos logrado cultivar a trav\u00e9s de los a\u00f1os con nuestros clientes. MISI\u00d3N Somos un estudio jur\u00eddico integrado por un equipo de profesionales con mas de 10 a\u00f1os de experiencia, cuyo principal objetivo es la prevenci\u00f3n de conflictos jur\u00eddicos, mediante una asesor\u00eda integral, tanto de personas naturales como jur\u00eddicas, buscando brindar la protecci\u00f3n de sus intereses, mediante la representaci\u00f3n judicial y extrajudicial. valores Nuestra firma de abogados se fundamenta en los principios de integridad, excelencia y compromiso con el cliente. Nos comprometemos a actuar con profesionalismo y empat\u00eda, utilizando innovaci\u00f3n y colaboraci\u00f3n para ofrecer soluciones legales efectivas y \u00e9ticas. Valoramos la responsabilidad social y buscamos contribuir positivamente a nuestra comunidad, asegurando siempre la confidencialidad y el respeto en todas nuestras interacciones.<\/p>\n","protected":false},"author":1,"featured_media":0,"parent":0,"menu_order":0,"comment_status":"closed","ping_status":"closed","template":"","meta":{"_uag_custom_page_level_css":"","site-sidebar-layout":"no-sidebar","site-content-layout":"page-builder","ast-site-content-layout":"full-width-container","site-content-style":"default","site-sidebar-style":"default","ast-global-header-display":"","ast-banner-title-visibility":"","ast-main-header-display":"","ast-hfb-above-header-display":"","ast-hfb-below-header-display":"","ast-hfb-mobile-header-display":"","site-post-title":"disabled","ast-breadcrumbs-content":"","ast-featured-img":"disabled","footer-sml-layout":"","theme-transparent-header-meta":"","adv-header-id-meta":"","stick-header-meta":"","header-above-stick-meta":"","header-main-stick-meta":"","header-below-stick-meta":"","astra-migrate-meta-layouts":"set","ast-page-background-enabled":"default","ast-page-background-meta":{"desktop":{"background-color":"","background-image":"","background-repeat":"repeat","background-position":"center center","background-size":"auto","background-attachment":"scroll","background-type":"","background-media":"","overlay-type":"","overlay-color":"","overlay-opacity":"","overlay-gradient":""},"tablet":{"background-color":"","background-image":"","background-repeat":"repeat","background-position":"center center","background-size":"auto","background-attachment":"scroll","background-type":"","background-media":"","overlay-type":"","overlay-color":"","overlay-opacity":"","overlay-gradient":""},"mobile":{"background-color":"","background-image":"","background-repeat":"repeat","background-position":"center center","background-size":"auto","background-attachment":"scroll","background-type":"","background-media":"","overlay-type":"","overlay-color":"","overlay-opacity":"","overlay-gradient":""}},"ast-content-background-meta":{"desktop":{"background-color":"var(--ast-global-color-5)","background-image":"","background-repeat":"repeat","background-position":"center center","background-size":"auto","background-attachment":"scroll","background-type":"","background-media":"","overlay-type":"","overlay-color":"","overlay-opacity":"","overlay-gradient":""},"tablet":{"background-color":"var(--ast-global-color-5)","background-image":"","background-repeat":"repeat","background-position":"center center","background-size":"auto","background-attachment":"scroll","background-type":"","background-media":"","overlay-type":"","overlay-color":"","overlay-opacity":"","overlay-gradient":""},"mobile":{"background-color":"var(--ast-global-color-5)","background-image":"","background-repeat":"repeat","background-position":"center center","background-size":"auto","background-attachment":"scroll","background-type":"","background-media":"","overlay-type":"","overlay-color":"","overlay-opacity":"","overlay-gradient":""}},"footnotes":""},"class_list":["post-1444","page","type-page","status-publish","hentry"],"uagb_featured_image_src":{"full":false,"thumbnail":false,"medium":false,"medium_large":false,"large":false,"1536x1536":false,"2048x2048":false},"uagb_author_info":{"display_name":"4boG2024@","author_link":"https:\/\/agropy.me\/abogado010\/author\/4boG2024@\/"},"uagb_comment_info":0,"uagb_excerpt":"nosotros Grupo humano de profesionales del \u00e1rea del Derecho, especializados en brindar soluciones dentro del derecho de familia. Nos identificamos con la b\u00fasqueda constante de los m\u00e1s altos est\u00e1ndares de excelencia y profesionalismo. Nuestro compromiso en entregar un servicio de calidad y al alcance de todos, priorizando un buen y exitoso proceso, resguardando y defendiendo&hellip;","_links":{"self":[{"href":"https:\/\/agropy.me\/abogado010\/wp-json\/wp\/v2\/pages\/1444","targetHints":{"allow":["GET"]}}],"collection":[{"href":"https:\/\/agropy.me\/abogado010\/wp-json\/wp\/v2\/pages"}],"about":[{"href":"https:\/\/agropy.me\/abogado010\/wp-json\/wp\/v2\/types\/page"}],"author":[{"embeddable":true,"href":"https:\/\/agropy.me\/abogado010\/wp-json\/wp\/v2\/users\/1"}],"replies":[{"embeddable":true,"href":"https:\/\/agropy.me\/abogado010\/wp-json\/wp\/v2\/comments?post=1444"}],"version-history":[{"count":8,"href":"https:\/\/agropy.me\/abogado010\/wp-json\/wp\/v2\/pages\/1444\/revisions"}],"predecessor-version":[{"id":1507,"href":"https:\/\/agropy.me\/abogado010\/wp-json\/wp\/v2\/pages\/1444\/revisions\/1507"}],"wp:attachment":[{"href":"https:\/\/agropy.me\/abogado010\/wp-json\/wp\/v2\/media?parent=1444"}],"curies":[{"name":"wp","href":"https:\/\/api.w.org\/{rel}","templated":true}]}}