{"id":2182,"date":"2024-10-24T18:44:58","date_gmt":"2024-10-24T18:44:58","guid":{"rendered":"http:\/\/agropy.me\/psicologia\/?page_id=2182"},"modified":"2024-11-08T19:46:33","modified_gmt":"2024-11-08T19:46:33","slug":"trastorno-de-desregulacion-disruptiva-del-estado-de-animo","status":"publish","type":"page","link":"http:\/\/agropy.me\/psicologia\/trastorno-de-desregulacion-disruptiva-del-estado-de-animo\/","title":{"rendered":"Trastorno de Desregulaci\u00f3n Disruptiva del Estado de \u00c1nimo"},"content":{"rendered":"\t\t<div data-elementor-type=\"wp-page\" data-elementor-id=\"2182\" class=\"elementor elementor-2182\">\n\t\t\t\t<div class=\"elementor-element elementor-element-598b7d28 e-flex e-con-boxed e-con e-parent\" data-id=\"598b7d28\" data-element_type=\"container\" data-settings=\"{&quot;background_background&quot;:&quot;classic&quot;}\">\n\t\t\t\t\t<div class=\"e-con-inner\">\n\t\t<div class=\"elementor-element elementor-element-3b6f50fa e-flex e-con-boxed e-con e-child\" data-id=\"3b6f50fa\" data-element_type=\"container\">\n\t\t\t\t\t<div class=\"e-con-inner\">\n\t\t\t\t<div class=\"elementor-element elementor-element-59ed5375 elementor-invisible elementor-widget elementor-widget-heading\" data-id=\"59ed5375\" data-element_type=\"widget\" data-settings=\"{&quot;_animation&quot;:&quot;fadeInDown&quot;}\" data-widget_type=\"heading.default\">\n\t\t\t\t<div class=\"elementor-widget-container\">\n\t\t\t<h1 class=\"elementor-heading-title elementor-size-default\">Trastorno de Desregulaci\u00f3n Disruptiva del Estado de \u00c1nimo<\/h1>\t\t<\/div>\n\t\t\t\t<\/div>\n\t\t\t\t\t<\/div>\n\t\t\t\t<\/div>\n\t\t\t\t\t<\/div>\n\t\t\t\t<\/div>\n\t\t<div class=\"elementor-element elementor-element-4252c5a5 e-flex e-con-boxed e-con e-parent\" data-id=\"4252c5a5\" data-element_type=\"container\">\n\t\t\t\t\t<div class=\"e-con-inner\">\n\t\t<div class=\"elementor-element elementor-element-100a0d66 e-con-full e-flex e-con e-child\" data-id=\"100a0d66\" data-element_type=\"container\">\n\t\t\t\t<div class=\"elementor-element elementor-element-18564f elementor-invisible elementor-widget elementor-widget-image\" data-id=\"18564f\" data-element_type=\"widget\" data-settings=\"{&quot;_animation&quot;:&quot;fadeInUp&quot;}\" data-widget_type=\"image.default\">\n\t\t\t\t<div class=\"elementor-widget-container\">\n\t\t\t\t\t\t\t\t\t\t\t\t\t<img fetchpriority=\"high\" decoding=\"async\" width=\"300\" height=\"449\" src=\"http:\/\/agropy.me\/psicologia\/wp-content\/uploads\/2024\/10\/estres.png\" class=\"attachment-full size-full wp-image-1666\" alt=\"\" srcset=\"http:\/\/agropy.me\/psicologia\/wp-content\/uploads\/2024\/10\/estres.png 300w, http:\/\/agropy.me\/psicologia\/wp-content\/uploads\/2024\/10\/estres-200x300.png 200w\" sizes=\"(max-width: 300px) 100vw, 300px\" \/>\t\t\t\t\t\t\t\t\t\t\t\t\t<\/div>\n\t\t\t\t<\/div>\n\t\t\t\t<\/div>\n\t\t<div class=\"elementor-element elementor-element-4c2c6e12 e-con-full e-flex e-con e-child\" data-id=\"4c2c6e12\" data-element_type=\"container\">\n\t\t\t\t<div class=\"elementor-element elementor-element-5cb266f6 elementor-invisible elementor-widget elementor-widget-heading\" data-id=\"5cb266f6\" data-element_type=\"widget\" data-settings=\"{&quot;_animation&quot;:&quot;fadeInUp&quot;}\" data-widget_type=\"heading.default\">\n\t\t\t\t<div class=\"elementor-widget-container\">\n\t\t\t<h4 class=\"elementor-heading-title elementor-size-default\">Trastorno de Desregulaci\u00f3n Disruptiva del Estado de \u00c1nimo<\/h4>\t\t<\/div>\n\t\t\t\t<\/div>\n\t\t\t\t<div class=\"elementor-element elementor-element-41a4f748 elementor-widget elementor-widget-text-editor\" data-id=\"41a4f748\" data-element_type=\"widget\" data-widget_type=\"text-editor.default\">\n\t\t\t\t<div class=\"elementor-widget-container\">\n\t\t\t\t\t\t\t<p>Inserte texto&#8230;<\/p>\t\t\t\t\t\t<\/div>\n\t\t\t\t<\/div>\n\t\t\t\t<div class=\"elementor-element elementor-element-6c81f63e elementor-widget-divider--view-line elementor-widget elementor-widget-divider\" data-id=\"6c81f63e\" data-element_type=\"widget\" data-widget_type=\"divider.default\">\n\t\t\t\t<div class=\"elementor-widget-container\">\n\t\t\t\t\t<div class=\"elementor-divider\">\n\t\t\t<span class=\"elementor-divider-separator\">\n\t\t\t\t\t\t<\/span>\n\t\t<\/div>\n\t\t\t\t<\/div>\n\t\t\t\t<\/div>\n\t\t\t\t<div class=\"elementor-element elementor-element-1e199579 elementor-invisible elementor-widget elementor-widget-button\" data-id=\"1e199579\" data-element_type=\"widget\" data-settings=\"{&quot;_animation&quot;:&quot;fadeInUp&quot;}\" data-widget_type=\"button.default\">\n\t\t\t\t<div class=\"elementor-widget-container\">\n\t\t\t\t\t\t\t<div class=\"elementor-button-wrapper\">\n\t\t\t\t\t<a class=\"elementor-button elementor-button-link elementor-size-sm\" href=\"http:\/\/agropy.me\/psicologia\/reservas\/\">\n\t\t\t\t\t\t<span class=\"elementor-button-content-wrapper\">\n\t\t\t\t\t\t\t\t\t<span class=\"elementor-button-text\">Agendar Consulta<\/span>\n\t\t\t\t\t<\/span>\n\t\t\t\t\t<\/a>\n\t\t\t\t<\/div>\n\t\t\t\t\t\t<\/div>\n\t\t\t\t<\/div>\n\t\t\t\t<\/div>\n\t\t\t\t\t<\/div>\n\t\t\t\t<\/div>\n\t\t\t\t<\/div>\n\t\t","protected":false},"excerpt":{"rendered":"<p>Trastorno de Desregulaci\u00f3n Disruptiva del Estado de \u00c1nimo Trastorno de Desregulaci\u00f3n Disruptiva del Estado de \u00c1nimo Inserte texto&#8230; Agendar Consulta<\/p>\n","protected":false},"author":1,"featured_media":0,"parent":0,"menu_order":0,"comment_status":"closed","ping_status":"closed","template":"","meta":{"site-sidebar-layout":"no-sidebar","site-content-layout":"page-builder","ast-site-content-layout":"full-width-container","site-content-style":"default","site-sidebar-style":"default","ast-global-header-display":"","ast-banner-title-visibility":"","ast-main-header-display":"","ast-hfb-above-header-display":"","ast-hfb-below-header-display":"","ast-hfb-mobile-header-display":"","site-post-title":"disabled","ast-breadcrumbs-content":"","ast-featured-img":"disabled","footer-sml-layout":"","ast-disable-related-posts":"","theme-transparent-header-meta":"","adv-header-id-meta":"","stick-header-meta":"","header-above-stick-meta":"","header-main-stick-meta":"","header-below-stick-meta":"","astra-migrate-meta-layouts":"set","ast-page-background-enabled":"default","ast-page-background-meta":{"desktop":{"background-color":"var(--ast-global-color-4)","background-image":"","background-repeat":"repeat","background-position":"center center","background-size":"auto","background-attachment":"scroll","background-type":"","background-media":"","overlay-type":"","overlay-color":"","overlay-opacity":"","overlay-gradient":""},"tablet":{"background-color":"","background-image":"","background-repeat":"repeat","background-position":"center center","background-size":"auto","background-attachment":"scroll","background-type":"","background-media":"","overlay-type":"","overlay-color":"","overlay-opacity":"","overlay-gradient":""},"mobile":{"background-color":"","background-image":"","background-repeat":"repeat","background-position":"center center","background-size":"auto","background-attachment":"scroll","background-type":"","background-media":"","overlay-type":"","overlay-color":"","overlay-opacity":"","overlay-gradient":""}},"ast-content-background-meta":{"desktop":{"background-color":"var(--ast-global-color-5)","background-image":"","background-repeat":"repeat","background-position":"center center","background-size":"auto","background-attachment":"scroll","background-type":"","background-media":"","overlay-type":"","overlay-color":"","overlay-opacity":"","overlay-gradient":""},"tablet":{"background-color":"var(--ast-global-color-5)","background-image":"","background-repeat":"repeat","background-position":"center center","background-size":"auto","background-attachment":"scroll","background-type":"","background-media":"","overlay-type":"","overlay-color":"","overlay-opacity":"","overlay-gradient":""},"mobile":{"background-color":"var(--ast-global-color-5)","background-image":"","background-repeat":"repeat","background-position":"center center","background-size":"auto","background-attachment":"scroll","background-type":"","background-media":"","overlay-type":"","overlay-color":"","overlay-opacity":"","overlay-gradient":""}},"footnotes":""},"class_list":["post-2182","page","type-page","status-publish","hentry"],"_links":{"self":[{"href":"http:\/\/agropy.me\/psicologia\/wp-json\/wp\/v2\/pages\/2182","targetHints":{"allow":["GET"]}}],"collection":[{"href":"http:\/\/agropy.me\/psicologia\/wp-json\/wp\/v2\/pages"}],"about":[{"href":"http:\/\/agropy.me\/psicologia\/wp-json\/wp\/v2\/types\/page"}],"author":[{"embeddable":true,"href":"http:\/\/agropy.me\/psicologia\/wp-json\/wp\/v2\/users\/1"}],"replies":[{"embeddable":true,"href":"http:\/\/agropy.me\/psicologia\/wp-json\/wp\/v2\/comments?post=2182"}],"version-history":[{"count":7,"href":"http:\/\/agropy.me\/psicologia\/wp-json\/wp\/v2\/pages\/2182\/revisions"}],"predecessor-version":[{"id":2903,"href":"http:\/\/agropy.me\/psicologia\/wp-json\/wp\/v2\/pages\/2182\/revisions\/2903"}],"wp:attachment":[{"href":"http:\/\/agropy.me\/psicologia\/wp-json\/wp\/v2\/media?parent=2182"}],"curies":[{"name":"wp","href":"https:\/\/api.w.org\/{rel}","templated":true}]}}